{"id":1819,"date":"2020-01-28T12:38:50","date_gmt":"2020-01-28T12:38:50","guid":{"rendered":"http:\/\/adnova.ma\/?page_id=1819"},"modified":"2023-06-19T00:41:43","modified_gmt":"2023-06-19T00:41:43","slug":"our-services","status":"publish","type":"page","link":"https:\/\/adnova.ma\/ar\/our-services\/","title":{"rendered":"\u062e\u062f\u0645\u0627\u062a\u0646\u0627"},"content":{"rendered":"\t\t<div data-elementor-type=\"wp-page\" data-elementor-id=\"1819\" class=\"elementor elementor-1819\" data-elementor-post-type=\"page\">\n\t\t\t\t\t\t<section class=\"elementor-section elementor-top-section elementor-element elementor-element-9139aef elementor-section-boxed elementor-section-height-default elementor-section-height-default\" data-id=\"9139aef\" data-element_type=\"section\" data-e-type=\"section\">\n\t\t\t\t\t\t<div class=\"elementor-container elementor-column-gap-default\">\n\t\t\t\t\t<div class=\"elementor-column elementor-col-100 elementor-top-column elementor-element elementor-element-4bd968a\" data-id=\"4bd968a\" data-element_type=\"column\" data-e-type=\"column\">\n\t\t\t<div class=\"elementor-widget-wrap elementor-element-populated\">\n\t\t\t\t\t\t<section class=\"elementor-section elementor-inner-section elementor-element elementor-element-86ca2eb elementor-section-boxed elementor-section-height-default elementor-section-height-default\" data-id=\"86ca2eb\" data-element_type=\"section\" data-e-type=\"section\">\n\t\t\t\t\t\t<div class=\"elementor-container elementor-column-gap-default\">\n\t\t\t\t\t<div class=\"elementor-column elementor-col-33 elementor-inner-column elementor-element elementor-element-6feebb4\" data-id=\"6feebb4\" data-element_type=\"column\" data-e-type=\"column\">\n\t\t\t<div class=\"elementor-widget-wrap elementor-element-populated\">\n\t\t\t\t\t\t<div class=\"elementor-element elementor-element-6d82693 elementor-widget elementor-widget-seosight_title\" data-id=\"6d82693\" data-element_type=\"widget\" data-e-type=\"widget\" data-widget_type=\"seosight_title.default\">\n\t\t\t\t<div class=\"elementor-widget-container\">\n\t\t\t\t\t\t\t<header class=\"crumina-module crumina-heading align-left\" >\n\t\t\t\t\t\t<div class=\"title-text-wrap\">\n\t\t    \t<h2 class=\"heading-title\">\n\t\t\t\t\tServices complets de notre Entreprise \t\t\t\t<\/h2>\n\t\t\t\t\t\t    <\/div>\n\t\t\t<div class=\"heading-decoration\">\t\t    <span class=\"first\"><\/span><span class=\"second\"><\/span>\n\t\t\t<\/div>\t\t        <div class=\"h5 heading-text\">Services vari\u00e9s en e-commerce et marketing digital\n<\/div>\n\t\t\t\t\t<\/header>\n\t\t\t\t\t\t<\/div>\n\t\t\t\t<\/div>\n\t\t\t\t<div class=\"elementor-element elementor-element-809a0a8 elementor-widget elementor-widget-seosight_button\" data-id=\"809a0a8\" data-element_type=\"widget\" data-e-type=\"widget\" data-widget_type=\"seosight_button.default\">\n\t\t\t\t<div class=\"elementor-widget-container\">\n\t\t\t\t\t        <div class=\"crumina-module crum-button inline-block\">\n            <a href=\"https:\/\/adnova.ma\/contact-information\/\" target=\"_self\"   class=\"btn btn-medium btn--dark icon-right btn-hover-shadow  \">\n                <span class=\"text\">Contactez-nous<\/span>                <span class=\"semicircle\"><\/span>\n                            <\/a>\n        <\/div>\n        <style>\n            .es-icon-2:before{font-family: inherit;}\n            div.elementor-element-809a0a8.inline-block, div.elementor-element-809a0a8 .inline-block {display: inline-block; width: auto; float: none;}\n        <\/style>\n        <script>\n                                jQuery('[data-id=\"809a0a8\"]').addClass('inline-block crum-button').find('.elementor-widget-container,.elementor-element-overlay').addClass('inline-block');\n                        <\/script>\n            \t\t\t\t<\/div>\n\t\t\t\t<\/div>\n\t\t\t\t\t<\/div>\n\t\t<\/div>\n\t\t\t\t<div class=\"elementor-column elementor-col-33 elementor-inner-column elementor-element elementor-element-af8b7b3\" data-id=\"af8b7b3\" data-element_type=\"column\" data-e-type=\"column\">\n\t\t\t<div class=\"elementor-widget-wrap elementor-element-populated\">\n\t\t\t\t\t\t<div class=\"elementor-element elementor-element-e3a9f61 elementor-widget elementor-widget-seosight_promo_block\" data-id=\"e3a9f61\" data-element_type=\"widget\" data-e-type=\"widget\" data-widget_type=\"seosight_promo_block.default\">\n\t\t\t\t<div class=\"elementor-widget-container\">\n\t\t\t\t\t        \n        <div class=\"crumina-module crumina-servises-item bg-border-color servises-item-reverse-color\" style=\"text-align: center;\">\n            <div class=\"servises-item__thumb\"><img fetchpriority=\"high\" decoding=\"async\" width=\"276\" height=\"230\" src=\"https:\/\/adnova.ma\/wp-content\/uploads\/2016\/12\/services1.png\" class=\"attachment-full size-full\" alt=\"Marketing Digital\" srcset=\"https:\/\/adnova.ma\/wp-content\/uploads\/2016\/12\/services1.png 276w, https:\/\/adnova.ma\/wp-content\/uploads\/2016\/12\/services1-96x80.png 96w\" sizes=\"(max-width: 276px) 100vw, 276px\" \/><\/div>                            <h5 class=\"servises-title\" align=\"left\"><a href=\"https:\/\/adnova.ma\/marketing-digital\/\" target=\"_self\">Marketing Digital<\/a><\/h5>\n                                        <p class=\"servises-text\" align=\"left\">Votre partenaire expert en marketing digital\n<\/p>\n                        <a class=\"promo-link\" href=\"https:\/\/adnova.ma\/marketing-digital\/\" target=\"_self\" title=\"\" ><span class=\"text\"> <\/span><i class=\"seoicon-right-arrow\"><\/i><\/a>        <\/div>\n        \t\t\t\t<\/div>\n\t\t\t\t<\/div>\n\t\t\t\t\t<\/div>\n\t\t<\/div>\n\t\t\t\t<div class=\"elementor-column elementor-col-33 elementor-inner-column elementor-element elementor-element-5b31b56\" data-id=\"5b31b56\" data-element_type=\"column\" data-e-type=\"column\">\n\t\t\t<div class=\"elementor-widget-wrap elementor-element-populated\">\n\t\t\t\t\t\t<div class=\"elementor-element elementor-element-cfbff05 elementor-widget elementor-widget-seosight_promo_block\" data-id=\"cfbff05\" data-element_type=\"widget\" data-e-type=\"widget\" data-widget_type=\"seosight_promo_block.default\">\n\t\t\t\t<div class=\"elementor-widget-container\">\n\t\t\t\t\t        \n        <div class=\"crumina-module crumina-servises-item bg-border-color servises-item-reverse-color\" style=\"text-align: center;\">\n            <div class=\"servises-item__thumb\"><img decoding=\"async\" width=\"265\" height=\"230\" src=\"https:\/\/adnova.ma\/wp-content\/uploads\/2016\/12\/services2.png\" class=\"attachment-full size-full\" alt=\"D\u00e9veloppement \" srcset=\"https:\/\/adnova.ma\/wp-content\/uploads\/2016\/12\/services2.png 265w, https:\/\/adnova.ma\/wp-content\/uploads\/2016\/12\/services2-92x80.png 92w\" sizes=\"(max-width: 265px) 100vw, 265px\" \/><\/div>                            <h5 class=\"servises-title\" align=\"left\"><a href=\"https:\/\/adnova.ma\/local-seo\/\" target=\"_self\">D\u00e9veloppement <\/a><\/h5>\n                                        <p class=\"servises-text\" align=\"left\">D\u00e9velopp\u00e9 Votre pr\u00e9sence online <\/p>\n                        <a class=\"promo-link\" href=\"https:\/\/adnova.ma\/local-seo\/\" target=\"_self\" title=\"\" ><span class=\"text\"> <\/span><i class=\"seoicon-right-arrow\"><\/i><\/a>        <\/div>\n        \t\t\t\t<\/div>\n\t\t\t\t<\/div>\n\t\t\t\t\t<\/div>\n\t\t<\/div>\n\t\t\t\t\t<\/div>\n\t\t<\/section>\n\t\t\t\t<section class=\"elementor-section elementor-inner-section elementor-element elementor-element-ca8d906 elementor-section-boxed elementor-section-height-default elementor-section-height-default\" data-id=\"ca8d906\" data-element_type=\"section\" data-e-type=\"section\">\n\t\t\t\t\t\t<div class=\"elementor-container elementor-column-gap-default\">\n\t\t\t\t\t<div class=\"elementor-column elementor-col-33 elementor-inner-column elementor-element elementor-element-5725738\" data-id=\"5725738\" data-element_type=\"column\" data-e-type=\"column\">\n\t\t\t<div class=\"elementor-widget-wrap elementor-element-populated\">\n\t\t\t\t\t\t<div class=\"elementor-element elementor-element-e890c99 elementor-widget elementor-widget-seosight_promo_block\" data-id=\"e890c99\" data-element_type=\"widget\" data-e-type=\"widget\" data-widget_type=\"seosight_promo_block.default\">\n\t\t\t\t<div class=\"elementor-widget-container\">\n\t\t\t\t\t        \n        <div class=\"crumina-module crumina-servises-item bg-border-color servises-item-reverse-color\" style=\"text-align: center;\">\n            <div class=\"servises-item__thumb\"><img decoding=\"async\" width=\"267\" height=\"230\" src=\"https:\/\/adnova.ma\/wp-content\/uploads\/2016\/12\/services3.png\" class=\"attachment-full size-full\" alt=\"Social Media Marketing\" srcset=\"https:\/\/adnova.ma\/wp-content\/uploads\/2016\/12\/services3.png 267w, https:\/\/adnova.ma\/wp-content\/uploads\/2016\/12\/services3-93x80.png 93w\" sizes=\"(max-width: 267px) 100vw, 267px\" \/><\/div>                            <h5 class=\"servises-title\" align=\"left\"><a href=\"https:\/\/adnova.ma\/social-media-marketing\/\" target=\"_self\">Social Media Marketing<\/a><\/h5>\n                                        <p class=\"servises-text\" align=\"left\">Maintenir votre pr\u00e9sence sur les r\u00e9seaux sociaux<\/p>\n                        <a class=\"promo-link\" href=\"https:\/\/adnova.ma\/social-media-marketing\/\" target=\"_self\" title=\"\" ><span class=\"text\"> <\/span><i class=\"seoicon-right-arrow\"><\/i><\/a>        <\/div>\n        \t\t\t\t<\/div>\n\t\t\t\t<\/div>\n\t\t\t\t\t<\/div>\n\t\t<\/div>\n\t\t\t\t<div class=\"elementor-column elementor-col-33 elementor-inner-column elementor-element elementor-element-781802a\" data-id=\"781802a\" data-element_type=\"column\" data-e-type=\"column\">\n\t\t\t<div class=\"elementor-widget-wrap elementor-element-populated\">\n\t\t\t\t\t\t<div class=\"elementor-element elementor-element-61a69b1 elementor-widget elementor-widget-seosight_promo_block\" data-id=\"61a69b1\" data-element_type=\"widget\" data-e-type=\"widget\" data-widget_type=\"seosight_promo_block.default\">\n\t\t\t\t<div class=\"elementor-widget-container\">\n\t\t\t\t\t        \n        <div class=\"crumina-module crumina-servises-item bg-border-color servises-item-reverse-color\" style=\"text-align: center;\">\n            <div class=\"servises-item__thumb\"><img loading=\"lazy\" decoding=\"async\" width=\"256\" height=\"230\" src=\"https:\/\/adnova.ma\/wp-content\/uploads\/2016\/12\/services4.png\" class=\"attachment-full size-full\" alt=\"Consultations et Rapports\" srcset=\"https:\/\/adnova.ma\/wp-content\/uploads\/2016\/12\/services4.png 256w, https:\/\/adnova.ma\/wp-content\/uploads\/2016\/12\/services4-89x80.png 89w\" sizes=\"(max-width: 256px) 100vw, 256px\" \/><\/div>                            <h5 class=\"servises-title\" align=\"left\"><a href=\"https:\/\/adnova.ma\/consultationsrapports\/\" target=\"_self\">Consultations et Rapports<\/a><\/h5>\n                                        <p class=\"servises-text\" align=\"left\">Transformez vos donn\u00e9es en actions strat\u00e9giques<\/p>\n                        <a class=\"promo-link\" href=\"https:\/\/adnova.ma\/consultationsrapports\/\" target=\"_self\" title=\"\" ><span class=\"text\"> <\/span><i class=\"seoicon-right-arrow\"><\/i><\/a>        <\/div>\n        \t\t\t\t<\/div>\n\t\t\t\t<\/div>\n\t\t\t\t\t<\/div>\n\t\t<\/div>\n\t\t\t\t<div class=\"elementor-column elementor-col-33 elementor-inner-column elementor-element elementor-element-2ca4d8e\" data-id=\"2ca4d8e\" data-element_type=\"column\" data-e-type=\"column\">\n\t\t\t<div class=\"elementor-widget-wrap elementor-element-populated\">\n\t\t\t\t\t\t<div class=\"elementor-element elementor-element-26b5f2a elementor-widget elementor-widget-seosight_promo_block\" data-id=\"26b5f2a\" data-element_type=\"widget\" data-e-type=\"widget\" data-widget_type=\"seosight_promo_block.default\">\n\t\t\t\t<div class=\"elementor-widget-container\">\n\t\t\t\t\t        \n        <div class=\"crumina-module crumina-servises-item bg-border-color servises-item-reverse-color\" style=\"text-align: center;\">\n            <div class=\"servises-item__thumb\"><img loading=\"lazy\" decoding=\"async\" width=\"235\" height=\"230\" src=\"https:\/\/adnova.ma\/wp-content\/uploads\/2016\/12\/services5.png\" class=\"attachment-full size-full\" alt=\"E-Commerce Services\" srcset=\"https:\/\/adnova.ma\/wp-content\/uploads\/2016\/12\/services5.png 235w, https:\/\/adnova.ma\/wp-content\/uploads\/2016\/12\/services5-82x80.png 82w\" sizes=\"(max-width: 235px) 100vw, 235px\" \/><\/div>                            <h5 class=\"servises-title\" align=\"left\"><a href=\"https:\/\/adnova.ma\/ecommerce-services\/\" target=\"_self\">E-Commerce Services<\/a><\/h5>\n                                        <p class=\"servises-text\" align=\"left\">Sp\u00e9cialis\u00e9 dans les solutions e-commerce<\/p>\n                        <a class=\"promo-link\" href=\"https:\/\/adnova.ma\/ecommerce-services\/\" target=\"_self\" title=\"\" ><span class=\"text\"> <\/span><i class=\"seoicon-right-arrow\"><\/i><\/a>        <\/div>\n        \t\t\t\t<\/div>\n\t\t\t\t<\/div>\n\t\t\t\t\t<\/div>\n\t\t<\/div>\n\t\t\t\t\t<\/div>\n\t\t<\/section>\n\t\t\t\t\t<\/div>\n\t\t<\/div>\n\t\t\t\t\t<\/div>\n\t\t<\/section>\n\t\t\t\t<section class=\"elementor-section elementor-top-section elementor-element elementor-element-2f69d74 elementor-section-stretched elementor-section-boxed elementor-section-height-default elementor-section-height-default\" data-id=\"2f69d74\" data-element_type=\"section\" data-e-type=\"section\" data-settings=\"{&quot;stretch_section&quot;:&quot;section-stretched&quot;,&quot;background_background&quot;:&quot;classic&quot;}\">\n\t\t\t\t\t\t<div class=\"elementor-container elementor-column-gap-default\">\n\t\t\t\t\t<div class=\"elementor-column elementor-col-33 elementor-top-column elementor-element elementor-element-6377c9b\" data-id=\"6377c9b\" data-element_type=\"column\" data-e-type=\"column\">\n\t\t\t<div class=\"elementor-widget-wrap elementor-element-populated\">\n\t\t\t\t\t\t<div class=\"elementor-element elementor-element-ed331e8 elementor-widget elementor-widget-seosight_info_box\" data-id=\"ed331e8\" data-element_type=\"widget\" data-e-type=\"widget\" data-widget_type=\"seosight_info_box.default\">\n\t\t\t\t<div class=\"elementor-widget-container\">\n\t\t\t\t\t        <div class=\"crumina-module crumina-info-box info-box--standard-hover\">\n            <div class=\"info-box-image-cont\">\n                <div class=\"info-box-image\">\n\t\t\t\t\t<img decoding=\"async\" src=\"https:\/\/adnova.ma\/wp-content\/uploads\/2016\/12\/1457124750_location-01.svg\" class=\"attachment-full size-full\" alt=\"\" \/>                <\/div>\n            <\/div>\n            <div class=\"info-box-content\">\n\t\t\t\t                    <h5 class=\"info-box-title\">E-r\u00e9putation <\/h5>\n\t\t\t\t\t\t\t\t\t\t\t\t            <\/div>\n        <\/div>\n\t\t\t\t\t\t<\/div>\n\t\t\t\t<\/div>\n\t\t\t\t<div class=\"elementor-element elementor-element-61c8685 elementor-widget elementor-widget-seosight_info_box\" data-id=\"61c8685\" data-element_type=\"widget\" data-e-type=\"widget\" data-widget_type=\"seosight_info_box.default\">\n\t\t\t\t<div class=\"elementor-widget-container\">\n\t\t\t\t\t        <div class=\"crumina-module crumina-info-box info-box--standard-hover\">\n            <div class=\"info-box-image-cont\">\n                <div class=\"info-box-image\">\n\t\t\t\t\t<img decoding=\"async\" src=\"https:\/\/adnova.ma\/wp-content\/uploads\/2016\/12\/1457125817_display_device_ads_advertising_advertisement_seo_tool_optimization.svg\" class=\"attachment-full size-full\" alt=\"\" \/>                <\/div>\n            <\/div>\n            <div class=\"info-box-content\">\n\t\t\t\t                    <h5 class=\"info-box-title\">Publicit\u00e9 commerciale<\/h5>\n\t\t\t\t\t\t\t\t\t\t\t\t            <\/div>\n        <\/div>\n\t\t\t\t\t\t<\/div>\n\t\t\t\t<\/div>\n\t\t\t\t\t<\/div>\n\t\t<\/div>\n\t\t\t\t<div class=\"elementor-column elementor-col-33 elementor-top-column elementor-element elementor-element-a31b3fd\" data-id=\"a31b3fd\" data-element_type=\"column\" data-e-type=\"column\">\n\t\t\t<div class=\"elementor-widget-wrap elementor-element-populated\">\n\t\t\t\t\t\t<div class=\"elementor-element elementor-element-739814e elementor-widget elementor-widget-seosight_info_box\" data-id=\"739814e\" data-element_type=\"widget\" data-e-type=\"widget\" data-widget_type=\"seosight_info_box.default\">\n\t\t\t\t<div class=\"elementor-widget-container\">\n\t\t\t\t\t        <div class=\"crumina-module crumina-info-box info-box--standard-hover\">\n            <div class=\"info-box-image-cont\">\n                <div class=\"info-box-image\">\n\t\t\t\t\t<img decoding=\"async\" src=\"https:\/\/adnova.ma\/wp-content\/uploads\/2016\/12\/1457124930_location-58.svg\" class=\"attachment-full size-full\" alt=\"\" \/>                <\/div>\n            <\/div>\n            <div class=\"info-box-content\">\n\t\t\t\t                    <h5 class=\"info-box-title\">Local marketing<\/h5>\n\t\t\t\t\t\t\t\t\t\t\t\t            <\/div>\n        <\/div>\n\t\t\t\t\t\t<\/div>\n\t\t\t\t<\/div>\n\t\t\t\t<div class=\"elementor-element elementor-element-5675d9d elementor-widget elementor-widget-seosight_info_box\" data-id=\"5675d9d\" data-element_type=\"widget\" data-e-type=\"widget\" data-widget_type=\"seosight_info_box.default\">\n\t\t\t\t<div class=\"elementor-widget-container\">\n\t\t\t\t\t        <div class=\"crumina-module crumina-info-box info-box--standard-hover\">\n            <div class=\"info-box-image-cont\">\n                <div class=\"info-box-image\">\n\t\t\t\t\t<img decoding=\"async\" src=\"https:\/\/adnova.ma\/wp-content\/uploads\/2016\/12\/1457126781_email-19.svg\" class=\"attachment-full size-full\" alt=\"\" \/>                <\/div>\n            <\/div>\n            <div class=\"info-box-content\">\n\t\t\t\t                    <h5 class=\"info-box-title\">Email\/SMS marketing <\/h5>\n\t\t\t\t\t\t\t\t\t\t\t\t            <\/div>\n        <\/div>\n\t\t\t\t\t\t<\/div>\n\t\t\t\t<\/div>\n\t\t\t\t\t<\/div>\n\t\t<\/div>\n\t\t\t\t<div class=\"elementor-column elementor-col-33 elementor-top-column elementor-element elementor-element-0daf039\" data-id=\"0daf039\" data-element_type=\"column\" data-e-type=\"column\">\n\t\t\t<div class=\"elementor-widget-wrap elementor-element-populated\">\n\t\t\t\t\t\t<div class=\"elementor-element elementor-element-14e7993 elementor-widget elementor-widget-seosight_info_box\" data-id=\"14e7993\" data-element_type=\"widget\" data-e-type=\"widget\" data-widget_type=\"seosight_info_box.default\">\n\t\t\t\t<div class=\"elementor-widget-container\">\n\t\t\t\t\t        <div class=\"crumina-module crumina-info-box info-box--standard-hover\">\n            <div class=\"info-box-image-cont\">\n                <div class=\"info-box-image\">\n\t\t\t\t\t<img decoding=\"async\" src=\"https:\/\/adnova.ma\/wp-content\/uploads\/2016\/12\/1457125095_1196_-_Link_Building.svg\" class=\"attachment-full size-full\" alt=\"\" \/>                <\/div>\n            <\/div>\n            <div class=\"info-box-content\">\n\t\t\t\t                    <h5 class=\"info-box-title\">Creation de contenu <\/h5>\n\t\t\t\t\t\t\t\t\t\t\t\t            <\/div>\n        <\/div>\n\t\t\t\t\t\t<\/div>\n\t\t\t\t<\/div>\n\t\t\t\t<div class=\"elementor-element elementor-element-fd80659 elementor-widget elementor-widget-seosight_info_box\" data-id=\"fd80659\" data-element_type=\"widget\" data-e-type=\"widget\" data-widget_type=\"seosight_info_box.default\">\n\t\t\t\t<div class=\"elementor-widget-container\">\n\t\t\t\t\t        <div class=\"crumina-module crumina-info-box info-box--standard-hover\">\n            <div class=\"info-box-image-cont\">\n                <div class=\"info-box-image\">\n\t\t\t\t\t<img decoding=\"async\" src=\"https:\/\/adnova.ma\/wp-content\/uploads\/2016\/12\/1457126299_code_optimization.svg\" class=\"attachment-full size-full\" alt=\"\" \/>                <\/div>\n            <\/div>\n            <div class=\"info-box-content\">\n\t\t\t\t                    <h5 class=\"info-box-title\">D\u00e9veloppement informatique <\/h5>\n\t\t\t\t\t\t\t\t\t\t\t\t            <\/div>\n        <\/div>\n\t\t\t\t\t\t<\/div>\n\t\t\t\t<\/div>\n\t\t\t\t\t<\/div>\n\t\t<\/div>\n\t\t\t\t\t<\/div>\n\t\t<\/section>\n\t\t\t\t<\/div>\n\t\t","protected":false},"excerpt":{"rendered":"<p>Services complets de notre Entreprise Services vari\u00e9s en e-commerce et marketing digital Contactez-nous Marketing Digital Votre partenaire expert en marketing digital D\u00e9veloppement D\u00e9velopp\u00e9 Votre pr\u00e9sence online Social Media Marketing Maintenir votre pr\u00e9sence sur les r\u00e9seaux sociaux Consultations et Rapports Transformez vos donn\u00e9es en actions strat\u00e9giques E-Commerce Services Sp\u00e9cialis\u00e9 dans les solutions e-commerce E-r\u00e9putation Publicit\u00e9 commerciale [&hellip;]<\/p>\n<\/p><div class=\"more-link\"><a href=\"https:\/\/adnova.ma\/ar\/our-services\/\" class=\"btn btn-small btn--dark btn-hover-shadow\"><span class=\"text\">Continue Reading<\/span><i class=\"seoicon-right-arrow\"><\/i><\/a><\/div>","protected":false},"author":1,"featured_media":0,"parent":0,"menu_order":0,"comment_status":"closed","ping_status":"closed","template":"","meta":{"om_disable_all_campaigns":false,"_monsterinsights_skip_tracking":false,"_monsterinsights_sitenote_active":false,"_monsterinsights_sitenote_note":"","_monsterinsights_sitenote_category":0,"footnotes":""},"class_list":["post-1819","page","type-page","status-publish","hentry"],"aioseo_notices":[],"_links":{"self":[{"href":"https:\/\/adnova.ma\/ar\/wp-json\/wp\/v2\/pages\/1819","targetHints":{"allow":["GET"]}}],"collection":[{"href":"https:\/\/adnova.ma\/ar\/wp-json\/wp\/v2\/pages"}],"about":[{"href":"https:\/\/adnova.ma\/ar\/wp-json\/wp\/v2\/types\/page"}],"author":[{"embeddable":true,"href":"https:\/\/adnova.ma\/ar\/wp-json\/wp\/v2\/users\/1"}],"replies":[{"embeddable":true,"href":"https:\/\/adnova.ma\/ar\/wp-json\/wp\/v2\/comments?post=1819"}],"version-history":[{"count":0,"href":"https:\/\/adnova.ma\/ar\/wp-json\/wp\/v2\/pages\/1819\/revisions"}],"wp:attachment":[{"href":"https:\/\/adnova.ma\/ar\/wp-json\/wp\/v2\/media?parent=1819"}],"curies":[{"name":"wp","href":"https:\/\/api.w.org\/{rel}","templated":true}]}}