{"id":1888,"date":"2020-01-31T10:46:21","date_gmt":"2020-01-31T10:46:21","guid":{"rendered":"http:\/\/adnova.ma\/?page_id=1888"},"modified":"2023-07-07T10:17:40","modified_gmt":"2023-07-07T10:17:40","slug":"contact-information","status":"publish","type":"page","link":"https:\/\/adnova.ma\/ar\/contact-information\/","title":{"rendered":"Contactez-nous : Rejoignez Adnova, l&rsquo;agence de marketing d&rsquo;exception, pour des solutions marketing exceptionnelles"},"content":{"rendered":"<div data-elementor-type=\"wp-page\" data-elementor-id=\"1888\" class=\"elementor elementor-1888\" data-elementor-post-type=\"page\">\n\t\t\t\t\t\t<section class=\"elementor-section elementor-top-section elementor-element elementor-element-d5101ee elementor-section-boxed elementor-section-height-default elementor-section-height-default\" data-id=\"d5101ee\" data-element_type=\"section\" data-e-type=\"section\">\n\t\t\t\t\t\t<div class=\"elementor-container elementor-column-gap-default\">\n\t\t\t\t\t<div class=\"elementor-column elementor-col-100 elementor-top-column elementor-element elementor-element-464e777\" data-id=\"464e777\" data-element_type=\"column\" data-e-type=\"column\">\n\t\t\t<div class=\"elementor-widget-wrap elementor-element-populated\">\n\t\t\t\t\t\t<div class=\"elementor-element elementor-element-aa9b887 elementor-widget elementor-widget-seosight_title\" data-id=\"aa9b887\" data-element_type=\"widget\" data-e-type=\"widget\" data-widget_type=\"seosight_title.default\">\n\t\t\t\t<div class=\"elementor-widget-container\">\n\t\t\t\t\t\t\t<header class=\"crumina-module crumina-heading align-left\" >\n\t\t\t\t\t\t<div class=\"title-text-wrap\">\n\t\t    \t<h2 class=\"heading-title\">\n\t\t\t\t\t\u062a\u0648\u0627\u0635\u0644 \u0645\u0639\u0627\u0646\u0627\t\t\t\t<\/h2>\n\t\t\t\t\t\t    <\/div>\n\t\t\t<div class=\"heading-decoration\">\t\t    <span class=\"first\"><\/span><span class=\"second\"><\/span>\n\t\t\t<\/div>\t\t        <div class=\"h5 heading-text\">\u0644\u0623\u064a \u0627\u0633\u062a\u0634\u0627\u0631\u0629 \u0623\u0648 \u0637\u0644\u0628 \u0639\u0631\u0636 \u0623\u0633\u0639\u0627\u0631\u060c \u0644\u0627 \u062a\u062a\u0631\u062f\u062f \u0641\u064a \u0627\u0644\u0627\u062a\u0635\u0627\u0644 \u0628\u0646\u0627 \u0639\u0628\u0631 \u0627\u0644\u0628\u0631\u064a\u062f \u0627\u0644\u0625\u0644\u0643\u062a\u0631\u0648\u0646\u064a\u060c \u0627\u0644\u0647\u0627\u062a\u0641\u060c \u0623\u0648 \u0634\u062e\u0635\u064a\u0627\u064b. \u0646\u062d\u0646 \u0645\u062a\u0648\u0627\u062c\u062f\u0648\u0646 \u0644\u0644\u0625\u062c\u0627\u0628\u0629 \u0639\u0644\u0649 \u0623\u0633\u0626\u0644\u062a\u0643\u0645 \u0648\u062a\u0632\u0648\u064a\u062f\u0643\u0645 \u0628\u0627\u0644\u0645\u0639\u0644\u0648\u0645\u0627\u062a \u0627\u0644\u0644\u0627\u0632\u0645\u0629 <\/div>\n\t\t\t\t\t<\/header>\n\t\t\t\t\t\t<\/div>\n\t\t\t\t<\/div>\n\t\t\t\t\t<\/div>\n\t\t<\/div>\n\t\t\t\t\t<\/div>\n\t\t<\/section>\n\t\t\t\t<section class=\"elementor-section elementor-top-section elementor-element elementor-element-91207ef elementor-section-stretched elementor-section-boxed elementor-section-height-default elementor-section-height-default\" data-id=\"91207ef\" data-element_type=\"section\" data-e-type=\"section\" data-settings=\"{&quot;stretch_section&quot;:&quot;section-stretched&quot;,&quot;background_background&quot;:&quot;classic&quot;}\">\n\t\t\t\t\t\t<div class=\"elementor-container elementor-column-gap-default\">\n\t\t\t\t\t<div class=\"elementor-column elementor-col-33 elementor-top-column elementor-element elementor-element-a018e73\" data-id=\"a018e73\" data-element_type=\"column\" data-e-type=\"column\">\n\t\t\t<div class=\"elementor-widget-wrap elementor-element-populated\">\n\t\t\t\t\t\t<div class=\"elementor-element elementor-element-7cee457 elementor-widget elementor-widget-seosight_contacts\" data-id=\"7cee457\" data-element_type=\"widget\" data-e-type=\"widget\" data-widget_type=\"seosight_contacts.default\">\n\t\t\t\t<div class=\"elementor-widget-container\">\n\t\t\t\t\t        <div class=\"crumina-module contacts-item\">\n\t\t    <div class=\"icon\"><img loading=\"lazy\" decoding=\"async\" src=\"https:\/\/adnova.ma\/wp-content\/uploads\/2016\/11\/flag.svg\" width=\"140\" height=\"140\" alt=\"icon\"><\/div>\t\t    <div class=\"content\">\n\t\t        \t\t                <a href=\"#\" target=\"_self\" title=\"\u062a\u0632\u0646\u064a\u062a\u060c \u0627\u0644\u0645\u063a\u0631\u0628\" class=\"h5 title\"  >\u062a\u0632\u0646\u064a\u062a\u060c \u0627\u0644\u0645\u063a\u0631\u0628<\/a>\n\t\t            \t\t        \t\t            <div class=\"sub-title\" align=\"left\">\u0639\u0645\u0627\u0631\u0629 \u0627\u0644\u0642\u062f\u0633<\/div>\n\t\t        \t\t    <\/div>\n\t\t<\/div>\n\t\t\t\t\t<\/div>\n\t\t\t\t<\/div>\n\t\t\t\t\t<\/div>\n\t\t<\/div>\n\t\t\t\t<div class=\"elementor-column elementor-col-33 elementor-top-column elementor-element elementor-element-1dc2385\" data-id=\"1dc2385\" data-element_type=\"column\" data-e-type=\"column\">\n\t\t\t<div class=\"elementor-widget-wrap elementor-element-populated\">\n\t\t\t\t\t\t<div class=\"elementor-element elementor-element-dffa42f elementor-widget elementor-widget-seosight_contacts\" data-id=\"dffa42f\" data-element_type=\"widget\" data-e-type=\"widget\" data-widget_type=\"seosight_contacts.default\">\n\t\t\t\t<div class=\"elementor-widget-container\">\n\t\t\t\t\t        <div class=\"crumina-module contacts-item\">\n\t\t    <div class=\"icon\"><img loading=\"lazy\" decoding=\"async\" src=\"https:\/\/adnova.ma\/wp-content\/uploads\/2016\/11\/message.svg\" width=\"140\" height=\"140\" alt=\"icon\"><\/div>\t\t    <div class=\"content\">\n\t\t        \t\t                <a href=\"#\" target=\"_self\" title=\"Contact@ADNOVA.ma\" class=\"h5 title\"  >Contact@ADNOVA.ma<\/a>\n\t\t            \t\t        \t\t            <div class=\"sub-title\" align=\"left\">\u0627\u0633\u062a\u0634\u0627\u0631\u0629 \u0648\u0637\u0644\u0628 \u0623\u0633\u0639\u0627\u0631<\/div>\n\t\t        \t\t    <\/div>\n\t\t<\/div>\n\t\t\t\t\t<\/div>\n\t\t\t\t<\/div>\n\t\t\t\t\t<\/div>\n\t\t<\/div>\n\t\t\t\t<div class=\"elementor-column elementor-col-33 elementor-top-column elementor-element elementor-element-d9a212c\" data-id=\"d9a212c\" data-element_type=\"column\" data-e-type=\"column\">\n\t\t\t<div class=\"elementor-widget-wrap elementor-element-populated\">\n\t\t\t\t\t\t<div class=\"elementor-element elementor-element-4552bcc elementor-widget elementor-widget-seosight_contacts\" data-id=\"4552bcc\" data-element_type=\"widget\" data-e-type=\"widget\" data-widget_type=\"seosight_contacts.default\">\n\t\t\t\t<div class=\"elementor-widget-container\">\n\t\t\t\t\t        <div class=\"crumina-module contacts-item\">\n\t\t    <div class=\"icon\"><img loading=\"lazy\" decoding=\"async\" src=\"https:\/\/adnova.ma\/wp-content\/uploads\/2016\/11\/1456266303_contact-09.svg\" width=\"140\" height=\"140\" alt=\"icon\"><\/div>\t\t    <div class=\"content\">\n\t\t        \t\t                <a href=\"#\" target=\"_self\" title=\"0633175755\" class=\"h5 title\"  >0633175755<\/a>\n\t\t            \t\t        \t\t            <div class=\"sub-title\" align=\"left\">\u0627\u0644\u0627\u062b\u0646\u064a\u0646 \u0625\u0644\u0649 \u0627\u0644\u0633\u0628\u062a (9 \u0635\u0628\u0627\u062d\u064b\u0627 \u062d\u062a\u0649 6 \u0645\u0633\u0627\u0621\u064b)<\/div>\n\t\t        \t\t    <\/div>\n\t\t<\/div>\n\t\t\t\t\t<\/div>\n\t\t\t\t<\/div>\n\t\t\t\t\t<\/div>\n\t\t<\/div>\n\t\t\t\t\t<\/div>\n\t\t<\/section>\n\t\t\t\t<section class=\"elementor-section elementor-top-section elementor-element elementor-element-9d9d9e3 elementor-section-stretched elementor-section-full_width elementor-section-height-default elementor-section-height-default\" data-id=\"9d9d9e3\" data-element_type=\"section\" data-e-type=\"section\" data-settings=\"{&quot;stretch_section&quot;:&quot;section-stretched&quot;}\">\n\t\t\t\t\t\t<div class=\"elementor-container elementor-column-gap-no\">\n\t\t\t\t\t<div class=\"elementor-column elementor-col-100 elementor-top-column elementor-element elementor-element-2c942a7\" data-id=\"2c942a7\" data-element_type=\"column\" data-e-type=\"column\">\n\t\t\t<div class=\"elementor-widget-wrap elementor-element-populated\">\n\t\t\t\t\t\t<div class=\"elementor-element elementor-element-89fc3a7 elementor-widget elementor-widget-seosight_maps\" data-id=\"89fc3a7\" data-element_type=\"widget\" data-e-type=\"widget\" data-widget_type=\"seosight_maps.default\">\n\t\t\t\t<div class=\"elementor-widget-container\">\n\t\t\t\t\t<div style=\"height: 620px\"><iframe src=\"https:\/\/www.google.com\/maps\/embed?pb=!1m17!1m12!1m3!1d3465.9406269621973!2d-9.734397999999997!3d29.692500999999996!2m3!1f0!2f0!3f0!3m2!1i1024!2i768!4f13.1!3m2!1m1!2zMjnCsDQxJzMzLjAiTiA5wrA0NCcwMy44Ilc!5e0!3m2!1sen!2sma!4v1685703584481!5m2!1sen!2sma\" width=\"100%\" height=\"620\" frameborder=\"0\" style=\"border:0;\" allowfullscreen=\"\"><\/iframe><\/div>\t\t\t\t<\/div>\n\t\t\t\t<\/div>\n\t\t\t\t\t<\/div>\n\t\t<\/div>\n\t\t\t\t\t<\/div>\n\t\t<\/section>\n\t\t\t\t<section class=\"elementor-section elementor-top-section elementor-element elementor-element-8959810 elementor-section-boxed elementor-section-height-default elementor-section-height-default\" data-id=\"8959810\" data-element_type=\"section\" data-e-type=\"section\">\n\t\t\t\t\t\t<div class=\"elementor-container elementor-column-gap-default\">\n\t\t\t\t\t<div class=\"elementor-column elementor-col-100 elementor-top-column elementor-element elementor-element-186fb26\" data-id=\"186fb26\" data-element_type=\"column\" data-e-type=\"column\">\n\t\t\t<div class=\"elementor-widget-wrap elementor-element-populated\">\n\t\t\t\t\t\t<div class=\"elementor-element elementor-element-6b8345f elementor-widget elementor-widget-seosight_title\" data-id=\"6b8345f\" data-element_type=\"widget\" data-e-type=\"widget\" data-widget_type=\"seosight_title.default\">\n\t\t\t\t<div class=\"elementor-widget-container\">\n\t\t\t\t\t\t\t<header class=\"crumina-module crumina-heading align-left\" >\n\t\t\t\t\t\t<div class=\"title-text-wrap\">\n\t\t    \t<h2 class=\"heading-title\">\n\t\t\t\t\t\u0647\u0644 \u062a\u0631\u064a\u062f \u0627\u0646 \u0646\u062a\u0635\u0644 \u0628\u0643 \u061f\t\t\t\t<\/h2>\n\t\t\t\t\t\t    <\/div>\n\t\t\t<div class=\"heading-decoration\">\t\t    <span class=\"first\"><\/span><span class=\"second\"><\/span>\n\t\t\t<\/div>\t\t        <div class=\"h5 heading-text\">\u064a\u0631\u062c\u0649 \u0627\u0633\u062a\u062e\u062f\u0627\u0645 \u0627\u0644\u0646\u0645\u0648\u0630\u062c \u0648\u0633\u0646\u0642\u0648\u0645 \u0628\u0627\u0644\u062a\u0648\u0627\u0635\u0644 \u0645\u0639\u0643 \u0641\u064a \u0623\u0642\u0631\u0628 \u0648\u0642\u062a \u0645\u0645\u0643\u0646<\/div>\n\t\t\t\t\t<\/header>\n\t\t\t\t\t\t<\/div>\n\t\t\t\t<\/div>\n\t\t\t\t<div class=\"elementor-element elementor-element-115e8b3 elementor-widget elementor-widget-seosight_fw_form\" data-id=\"115e8b3\" data-element_type=\"widget\" data-e-type=\"widget\" data-widget_type=\"seosight_fw_form.default\">\n\t\t\t\t<div class=\"elementor-widget-container\">\n\t\t\t\t\t            <div class=\"crumina-module contact-form\" >\n\n\t\t\t\t<form data-fw-form-id=\"fw_form\" method=\"post\" action=\"https:\/\/adnova.ma\/ar\/wp-json\/wp\/v2\/pages\/1888\" class=\"fw_form_fw_form\" data-fw-ext-forms-type=\"contact-forms\" data-trp-original-action=\"https:\/\/adnova.ma\/ar\/wp-json\/wp\/v2\/pages\/1888\"  ><input type=\"hidden\" name=\"fwf\" value=\"fw_form\" \/><input type=\"hidden\" id=\"_nonce_58028bd743503c9ec1de5a52c6a8634b\" name=\"_nonce_58028bd743503c9ec1de5a52c6a8634b\" value=\"bbbbab026c\" \/><input type=\"hidden\" name=\"_wp_http_referer\" value=\"\/ar\/wp-json\/wp\/v2\/pages\/1888\" \/><input type=\"hidden\" name=\"fw_ext_forms_form_type\" value=\"contact-forms\" \/><input type=\"hidden\" name=\"fw_ext_forms_form_id\" value=\"1752\" \/><div class=\"wrap-forms\">\n\t<div class=\"row\"><\/div><div class=\"row\"><div class=\"col-xs-12 col-sm-12 col-md-6 col-lg-6 form-builder-item input-standard-grey input-standard-grey\">\n\t<div class=\"field-text\">\n\t\t\t\t<label for=\"id-1\">\u0627\u0644\u0627\u0633\u0645\t\t\t<sup>*<\/sup>\t\t<\/label>\n\t\t\t\t<input type=\"text\" name=\"text_c0019b7\" placeholder=\"\u0627\u0644\u0627\u0633\u0645\" value=\"\" id=\"id-1\" required=\"required\" >\n\t\t\t<\/div>\n<\/div><div class=\"col-xs-12 col-sm-12 col-md-6 col-lg-6 form-builder-item input-standard-grey input-standard-grey\">\n\t<div class=\"field-text\">\n\t\t\t\t<label for=\"id-2\">\u0631\u0642\u0645 \u0627\u0644\u0647\u0627\u062a\u0641 \t\t\t<sup>*<\/sup>\t\t<\/label>\n\t\t\t\t<input type=\"text\" name=\"number_fae1cdc\" placeholder=\"06..\" value=\"\" id=\"id-2\" required=\"required\" >\n\t\t\t<\/div>\n<\/div><\/div><div class=\"row\"><div class=\"col-xs-12 col-lg-12 col-md-12 col-sm-12 form-builder-item input-standard-grey input-standard-grey\">\n\t<div class=\"field-textarea\">\n\t\t\t\t<textarea name=\"textarea_7890fd0\" placeholder=\"\u0627\u0644\u062a\u0641\u0627\u0635\u064a\u0644\" id=\"id-3\" required=\"required\" ><\/textarea>\n\t\t\t<\/div>\n<\/div><\/div><div class=\"row\"><\/div><\/div><div class=\"col-xs-12 submit-wrap\"><button type=\"submit\" class=\"btn-hover-shadow btn btn-medium btn--\"><span class=\"text\">\u0627\u0631\u0633\u0627\u0644<\/span><span class=\"semicircle\"><\/span><\/button><\/div><input type=\"hidden\" name=\"trp-form-language\" value=\"ar\"\/><\/form><div class=\"screen-reader-text form-message-field\" >Message envoy\u00e9 !<\/div>            <\/div>\n\t\t\t\t\t\t<\/div>\n\t\t\t\t<\/div>\n\t\t\t\t\t<\/div>\n\t\t<\/div>\n\t\t\t\t\t<\/div>\n\t\t<\/section>\n\t\t\t\t<\/div>","protected":false},"excerpt":{"rendered":"<p>Contactez-nous Pour toute consultation ou demande de devis, n&rsquo;h\u00e9sitez pas \u00e0 nous contacter par e-mail, t\u00e9l\u00e9phone ou en personne. Nous sommes disponibles pour r\u00e9pondre \u00e0 vos questions et vous fournir les informations n\u00e9cessaires. Tiznit, MAROC 10 IMM ALQODS Contact@ADNOVA.ma Consultants et demande devis 0633175755 Lundi-Vendredi 9am-6pm Souhaitez-vous que nous vous contactions ? Veuillez nous contacter [&hellip;]<\/p>\n<\/p><div class=\"more-link\"><a href=\"https:\/\/adnova.ma\/ar\/contact-information\/\" class=\"btn btn-small btn--dark btn-hover-shadow\"><span class=\"text\">Continue Reading<\/span><i class=\"seoicon-right-arrow\"><\/i><\/a><\/div>","protected":false},"author":1,"featured_media":0,"parent":0,"menu_order":0,"comment_status":"closed","ping_status":"closed","template":"","meta":{"om_disable_all_campaigns":false,"_monsterinsights_skip_tracking":false,"_monsterinsights_sitenote_active":false,"_monsterinsights_sitenote_note":"","_monsterinsights_sitenote_category":0,"footnotes":""},"class_list":["post-1888","page","type-page","status-publish","hentry"],"aioseo_notices":[],"_links":{"self":[{"href":"https:\/\/adnova.ma\/ar\/wp-json\/wp\/v2\/pages\/1888","targetHints":{"allow":["GET"]}}],"collection":[{"href":"https:\/\/adnova.ma\/ar\/wp-json\/wp\/v2\/pages"}],"about":[{"href":"https:\/\/adnova.ma\/ar\/wp-json\/wp\/v2\/types\/page"}],"author":[{"embeddable":true,"href":"https:\/\/adnova.ma\/ar\/wp-json\/wp\/v2\/users\/1"}],"replies":[{"embeddable":true,"href":"https:\/\/adnova.ma\/ar\/wp-json\/wp\/v2\/comments?post=1888"}],"version-history":[{"count":0,"href":"https:\/\/adnova.ma\/ar\/wp-json\/wp\/v2\/pages\/1888\/revisions"}],"wp:attachment":[{"href":"https:\/\/adnova.ma\/ar\/wp-json\/wp\/v2\/media?parent=1888"}],"curies":[{"name":"wp","href":"https:\/\/api.w.org\/{rel}","templated":true}]}}