{"id":1758,"date":"2020-01-23T12:04:42","date_gmt":"2020-01-23T12:04:42","guid":{"rendered":"http:\/\/adnova.ma\/?page_id=1758"},"modified":"2023-07-07T00:03:06","modified_gmt":"2023-07-07T00:03:06","slug":"consultationsrapports","status":"publish","type":"page","link":"https:\/\/adnova.ma\/en\/consultationsrapports\/","title":{"rendered":"Consultation et rapport visionnaires pour une strat\u00e9gie marketing performante, avec Adnova"},"content":{"rendered":"\t\t<div data-elementor-type=\"wp-page\" data-elementor-id=\"1758\" class=\"elementor elementor-1758\" data-elementor-post-type=\"page\">\n\t\t\t\t\t\t<section class=\"elementor-section elementor-top-section elementor-element elementor-element-56a3f36 medium-section elementor-section-boxed elementor-section-height-default elementor-section-height-default\" data-id=\"56a3f36\" data-element_type=\"section\" data-e-type=\"section\">\n\t\t\t\t\t\t<div class=\"elementor-container elementor-column-gap-default\">\n\t\t\t\t\t<div class=\"elementor-column elementor-col-100 elementor-top-column elementor-element elementor-element-633206b\" data-id=\"633206b\" data-element_type=\"column\" data-e-type=\"column\">\n\t\t\t<div class=\"elementor-widget-wrap elementor-element-populated\">\n\t\t\t\t\t\t<div class=\"elementor-element elementor-element-2f8efc3 elementor-widget elementor-widget-seosight_title\" data-id=\"2f8efc3\" data-element_type=\"widget\" data-e-type=\"widget\" data-widget_type=\"seosight_title.default\">\n\t\t\t\t<div class=\"elementor-widget-container\">\n\t\t\t\t\t\t\t<header class=\"crumina-module crumina-heading align-center\" >\n\t\t\t\t\t\t<div class=\"title-text-wrap\">\n\t\t    \t<h1 class=\"heading-title\">\n\t\t\t\t\tServices de Consultation et de Rapport \t\t\t\t<\/h1>\n\t\t\t\t\t\t    <\/div>\n\t\t\t<div class=\"heading-decoration\">\t\t    <span class=\"first\"><\/span><span class=\"second\"><\/span>\n\t\t\t<\/div>\t\t        <div class=\"h5 heading-text\">Chez ADNOVA, nous nous engageons \u00e0 fournir des services de consultation et de rapport de la plus haute qualit\u00e9, adapt\u00e9s \u00e0 vos besoins sp\u00e9cifiques. Nous sommes l\u00e0 pour vous aider \u00e0 atteindre vos objectifs commerciaux et \u00e0 prosp\u00e9rer dans le monde du marketing et du commerce \u00e9lectronique. <\/div>\n\t\t\t\t\t<\/header>\n\t\t\t\t\t\t<\/div>\n\t\t\t\t<\/div>\n\t\t\t\t<div class=\"elementor-element elementor-element-f984cb1 elementor-widget elementor-widget-seosight_single_image\" data-id=\"f984cb1\" data-element_type=\"widget\" data-e-type=\"widget\" data-widget_type=\"seosight_single_image.default\">\n\t\t\t\t<div class=\"elementor-widget-container\">\n\t\t\t\t\t        <div class=\"crumina-module single-image\">\n\t\t\t\t\t\t\t<img fetchpriority=\"high\" decoding=\"async\" width=\"1171\" height=\"373\" src=\"https:\/\/adnova.ma\/wp-content\/uploads\/2016\/11\/marketing.png\" class=\"aligncenter\" alt=\"\" srcset=\"https:\/\/adnova.ma\/wp-content\/uploads\/2016\/11\/marketing.png 1171w, https:\/\/adnova.ma\/wp-content\/uploads\/2016\/11\/marketing-300x96.png 300w, https:\/\/adnova.ma\/wp-content\/uploads\/2016\/11\/marketing-768x245.png 768w, https:\/\/adnova.ma\/wp-content\/uploads\/2016\/11\/marketing-1024x326.png 1024w, https:\/\/adnova.ma\/wp-content\/uploads\/2016\/11\/marketing-251x80.png 251w, https:\/\/adnova.ma\/wp-content\/uploads\/2016\/11\/marketing-290x92.png 290w, https:\/\/adnova.ma\/wp-content\/uploads\/2016\/11\/marketing-600x191.png 600w\" sizes=\"(max-width: 1171px) 100vw, 1171px\" \/>\t\t\t\t\t\t        <\/div>\n\t\t\t\t\t\t<\/div>\n\t\t\t\t<\/div>\n\t\t\t\t\t<\/div>\n\t\t<\/div>\n\t\t\t\t\t<\/div>\n\t\t<\/section>\n\t\t\t\t<section class=\"elementor-section elementor-top-section elementor-element elementor-element-952cd32 elementor-section-stretched elementor-section-boxed elementor-section-height-default elementor-section-height-default\" data-id=\"952cd32\" data-element_type=\"section\" data-e-type=\"section\" data-settings=\"{&quot;stretch_section&quot;:&quot;section-stretched&quot;,&quot;background_background&quot;:&quot;classic&quot;}\">\n\t\t\t\t\t\t<div class=\"elementor-container elementor-column-gap-default\">\n\t\t\t\t\t<div class=\"elementor-column elementor-col-100 elementor-top-column elementor-element elementor-element-afb45a2\" data-id=\"afb45a2\" data-element_type=\"column\" data-e-type=\"column\">\n\t\t\t<div class=\"elementor-widget-wrap elementor-element-populated\">\n\t\t\t\t\t\t<div class=\"elementor-element elementor-element-c52c03f elementor-widget elementor-widget-seosight_title\" data-id=\"c52c03f\" data-element_type=\"widget\" data-e-type=\"widget\" data-widget_type=\"seosight_title.default\">\n\t\t\t\t<div class=\"elementor-widget-container\">\n\t\t\t\t\t\t\t<header class=\"crumina-module crumina-heading align-left\" >\n\t\t\t\t\t\t<div class=\"title-text-wrap\">\n\t\t    \t<h5 class=\"heading-title\">\n\t\t\t\t\tGr\u00e2ce \u00e0 notre expertise et \u00e0 notre connaissance de l'industrie, nous aidons nos clients \u00e0 optimiser leurs op\u00e9rations, \u00e0 am\u00e9liorer leurs performances et \u00e0 atteindre leurs objectifs commerciaux\t\t\t\t<\/h5>\n\t\t\t\t\t\t    <\/div>\n\t\t\t\t\t<\/header>\n\t\t\t\t\t\t<\/div>\n\t\t\t\t<\/div>\n\t\t\t\t<section class=\"elementor-section elementor-inner-section elementor-element elementor-element-1c8ebce elementor-section-boxed elementor-section-height-default elementor-section-height-default\" data-id=\"1c8ebce\" data-element_type=\"section\" data-e-type=\"section\">\n\t\t\t\t\t\t<div class=\"elementor-container elementor-column-gap-default\">\n\t\t\t\t\t<div class=\"elementor-column elementor-col-50 elementor-inner-column elementor-element elementor-element-bc5732c\" data-id=\"bc5732c\" data-element_type=\"column\" data-e-type=\"column\">\n\t\t\t<div class=\"elementor-widget-wrap elementor-element-populated\">\n\t\t\t\t\t\t<div class=\"elementor-element elementor-element-7b9694b elementor-widget elementor-widget-seosight_ul_style\" data-id=\"7b9694b\" data-element_type=\"widget\" data-e-type=\"widget\" data-widget_type=\"seosight_ul_style.default\">\n\t\t\t\t<div class=\"elementor-widget-container\">\n\t\t\t\t\t        <div class=\"crumina-module list list--secondary\" data-icon=\"seoicon-check\">\n            <ul><li>Nous analysons vos campagnes publicitaires existantes et identifions les opportunit\u00e9s d'optimisation<\/li><\/ul>        <\/div>\n        \t\t\t\t<\/div>\n\t\t\t\t<\/div>\n\t\t\t\t\t<\/div>\n\t\t<\/div>\n\t\t\t\t<div class=\"elementor-column elementor-col-50 elementor-inner-column elementor-element elementor-element-9ba6907\" data-id=\"9ba6907\" data-element_type=\"column\" data-e-type=\"column\">\n\t\t\t<div class=\"elementor-widget-wrap elementor-element-populated\">\n\t\t\t\t\t\t<div class=\"elementor-element elementor-element-36bdffa elementor-widget elementor-widget-seosight_ul_style\" data-id=\"36bdffa\" data-element_type=\"widget\" data-e-type=\"widget\" data-widget_type=\"seosight_ul_style.default\">\n\t\t\t\t<div class=\"elementor-widget-container\">\n\t\t\t\t\t        <div class=\"crumina-module list list--secondary\" data-icon=\"seoicon-check\">\n            <ul><li>Nos consultants exp\u00e9riment\u00e9s travaillent\u00a0 pour comprendre vos besoins et vos objectifs commerciaux.<\/li><\/ul>        <\/div>\n        \t\t\t\t<\/div>\n\t\t\t\t<\/div>\n\t\t\t\t\t<\/div>\n\t\t<\/div>\n\t\t\t\t\t<\/div>\n\t\t<\/section>\n\t\t\t\t\t<\/div>\n\t\t<\/div>\n\t\t\t\t\t<\/div>\n\t\t<\/section>\n\t\t\t\t<section class=\"elementor-section elementor-top-section elementor-element elementor-element-1c95982 elementor-section-stretched elementor-section-boxed elementor-section-height-default elementor-section-height-default\" data-id=\"1c95982\" data-element_type=\"section\" data-e-type=\"section\" data-settings=\"{&quot;stretch_section&quot;:&quot;section-stretched&quot;,&quot;background_background&quot;:&quot;classic&quot;}\">\n\t\t\t\t\t\t<div class=\"elementor-container elementor-column-gap-default\">\n\t\t\t\t\t<div class=\"elementor-column elementor-col-100 elementor-top-column elementor-element elementor-element-ce8f9f6\" data-id=\"ce8f9f6\" data-element_type=\"column\" data-e-type=\"column\">\n\t\t\t<div class=\"elementor-widget-wrap elementor-element-populated\">\n\t\t\t\t\t\t<div class=\"elementor-element elementor-element-2d354bf elementor-widget elementor-widget-seosight_call_to_action\" data-id=\"2d354bf\" data-element_type=\"widget\" data-e-type=\"widget\" data-widget_type=\"seosight_call_to_action.default\">\n\t\t\t\t<div class=\"elementor-widget-container\">\n\t\t\t\t\t        <div class=\"crumina-module seo-el-call-to-action cta-standard\">\n            <div class=\"row table\">\n                                <div class=\"col-lg-9 col-md-9 col-sm-12 col-xs-12 table-cell\">\n                    <h2 class=\"h1 heading-title no-margin\">Parlez-nous de votre projet !<\/h2>                <\/div>\n                <div class=\"col-lg-3 col-md-3 col-sm-12 col-xs-12 table-cell align-right\"><a href=\"https:\/\/adnova.ma\/contact-information\/\" target=\"_self\" title=\"Contactez-nous !\"class=\"btn  btn-hover-shadow btn-medium btn--dark\" ><span class=\"text\">Contactez-nous ! <\/span><span class=\"semicircle\"><\/span><\/a><\/div>            <\/div>\n        <\/div>\n    \t\t\t\t<\/div>\n\t\t\t\t<\/div>\n\t\t\t\t\t<\/div>\n\t\t<\/div>\n\t\t\t\t\t<\/div>\n\t\t<\/section>\n\t\t\t\t<section class=\"elementor-section elementor-top-section elementor-element elementor-element-7494ffa elementor-section-boxed elementor-section-height-default elementor-section-height-default\" data-id=\"7494ffa\" data-element_type=\"section\" data-e-type=\"section\">\n\t\t\t\t\t\t<div class=\"elementor-container elementor-column-gap-default\">\n\t\t\t\t\t<div class=\"elementor-column elementor-col-100 elementor-top-column elementor-element elementor-element-d28ad38\" data-id=\"d28ad38\" data-element_type=\"column\" data-e-type=\"column\">\n\t\t\t<div class=\"elementor-widget-wrap elementor-element-populated\">\n\t\t\t\t\t\t<div class=\"elementor-element elementor-element-b14cbe2 elementor-widget elementor-widget-seosight_title\" data-id=\"b14cbe2\" data-element_type=\"widget\" data-e-type=\"widget\" data-widget_type=\"seosight_title.default\">\n\t\t\t\t<div class=\"elementor-widget-container\">\n\t\t\t\t\t\t\t<header class=\"crumina-module crumina-heading align-center medium-section\" >\n\t\t\t\t\t\t<div class=\"title-text-wrap\">\n\t\t    \t<h1 class=\"heading-title\">\n\t\t\t\t\tDes niveaux de service in\u00e9gal\u00e9s !\t\t\t\t<\/h1>\n\t\t\t\t\t\t    <\/div>\n\t\t\t<div class=\"heading-decoration\">\t\t    <span class=\"first\"><\/span><span class=\"second\"><\/span>\n\t\t\t<\/div>\t\t<\/header>\n\t\t\t\t\t\t<\/div>\n\t\t\t\t<\/div>\n\t\t\t\t<section class=\"elementor-section elementor-inner-section elementor-element elementor-element-35cb3d5 elementor-section-boxed elementor-section-height-default elementor-section-height-default\" data-id=\"35cb3d5\" data-element_type=\"section\" data-e-type=\"section\">\n\t\t\t\t\t\t<div class=\"elementor-container elementor-column-gap-default\">\n\t\t\t\t\t<div class=\"elementor-column elementor-col-50 elementor-inner-column elementor-element elementor-element-ba78c89\" data-id=\"ba78c89\" data-element_type=\"column\" data-e-type=\"column\">\n\t\t\t<div class=\"elementor-widget-wrap elementor-element-populated\">\n\t\t\t\t\t\t<div class=\"elementor-element elementor-element-6d729b4 elementor-widget elementor-widget-seosight_info_box\" data-id=\"6d729b4\" data-element_type=\"widget\" data-e-type=\"widget\" data-widget_type=\"seosight_info_box.default\">\n\t\t\t\t<div class=\"elementor-widget-container\">\n\t\t\t\t\t        <div class=\"crumina-module crumina-info-box info-box--modern\">\n            <div class=\"info-box-image-cont\">\n                <div class=\"info-box-image\">\n\t\t\t\t\t<img decoding=\"async\" src=\"https:\/\/adnova.ma\/wp-content\/uploads\/2016\/11\/1459380558_office-16.svg\" class=\"attachment-full size-full\" alt=\"\" \/>                <\/div>\n            <\/div>\n            <div class=\"info-box-content\">\n\t\t\t\t                    <h5 class=\"info-box-title\">Strat\u00e9gie marketing<\/h5>\n\t\t\t\t\t\t\t\t                    <div class=\"info-box-text\">Que ce soit pour lancer un nouveau produit, entrer sur de nouveaux march\u00e9s ou am\u00e9liorer votre positionnement, nous sommes l\u00e0 pour vous aider \u00e0 prendre des d\u00e9cisions \u00e9clair\u00e9es.\n<\/div>\n\t\t\t\t\t\t\t\t            <\/div>\n        <\/div>\n\t\t\t\t\t\t<\/div>\n\t\t\t\t<\/div>\n\t\t\t\t<div class=\"elementor-element elementor-element-d12aa71 elementor-widget elementor-widget-seosight_info_box\" data-id=\"d12aa71\" data-element_type=\"widget\" data-e-type=\"widget\" data-widget_type=\"seosight_info_box.default\">\n\t\t\t\t<div class=\"elementor-widget-container\">\n\t\t\t\t\t        <div class=\"crumina-module crumina-info-box info-box--modern\">\n            <div class=\"info-box-image-cont\">\n                <div class=\"info-box-image\">\n\t\t\t\t\t<img decoding=\"async\" src=\"https:\/\/adnova.ma\/wp-content\/uploads\/2016\/11\/1459380954_medical-52.svg\" class=\"attachment-full size-full\" alt=\"\" \/>                <\/div>\n            <\/div>\n            <div class=\"info-box-content\">\n\t\t\t\t                    <h5 class=\"info-box-title\">Le suivi et le reporting<\/h5>\n\t\t\t\t\t\t\t\t                    <div class=\"info-box-text\">Gr\u00e2ce \u00e0 nos rapports d\u00e9taill\u00e9s et \u00e0 nos analyses approfondies, vous disposez des informations n\u00e9cessaires pour prendre des d\u00e9cisions strat\u00e9giques. <\/div>\n\t\t\t\t\t\t\t\t            <\/div>\n        <\/div>\n\t\t\t\t\t\t<\/div>\n\t\t\t\t<\/div>\n\t\t\t\t\t<\/div>\n\t\t<\/div>\n\t\t\t\t<div class=\"elementor-column elementor-col-50 elementor-inner-column elementor-element elementor-element-70b0cdf\" data-id=\"70b0cdf\" data-element_type=\"column\" data-e-type=\"column\">\n\t\t\t<div class=\"elementor-widget-wrap elementor-element-populated\">\n\t\t\t\t\t\t<div class=\"elementor-element elementor-element-a275283 elementor-widget elementor-widget-seosight_info_box\" data-id=\"a275283\" data-element_type=\"widget\" data-e-type=\"widget\" data-widget_type=\"seosight_info_box.default\">\n\t\t\t\t<div class=\"elementor-widget-container\">\n\t\t\t\t\t        <div class=\"crumina-module crumina-info-box info-box--modern\">\n            <div class=\"info-box-image-cont\">\n                <div class=\"info-box-image\">\n\t\t\t\t\t<img decoding=\"async\" src=\"https:\/\/adnova.ma\/wp-content\/uploads\/2016\/11\/1459380637_office-06.svg\" class=\"attachment-full size-full\" alt=\"\" \/>                <\/div>\n            <\/div>\n            <div class=\"info-box-content\">\n\t\t\t\t                    <h5 class=\"info-box-title\">Communication efficace<\/h5>\n\t\t\t\t\t\t\t\t                    <div class=\"info-box-text\">Nous accordons une grande importance \u00e0 la communication. Nous comprenons que la cl\u00e9 du succ\u00e8s r\u00e9side dans la transmission claire et pr\u00e9cise des informations.<\/div>\n\t\t\t\t\t\t\t\t            <\/div>\n        <\/div>\n\t\t\t\t\t\t<\/div>\n\t\t\t\t<\/div>\n\t\t\t\t<div class=\"elementor-element elementor-element-71ddb87 elementor-widget elementor-widget-seosight_info_box\" data-id=\"71ddb87\" data-element_type=\"widget\" data-e-type=\"widget\" data-widget_type=\"seosight_info_box.default\">\n\t\t\t\t<div class=\"elementor-widget-container\">\n\t\t\t\t\t        <div class=\"crumina-module crumina-info-box info-box--modern\">\n            <div class=\"info-box-image-cont\">\n                <div class=\"info-box-image\">\n\t\t\t\t\t<img decoding=\"async\" src=\"https:\/\/adnova.ma\/wp-content\/uploads\/2016\/11\/1459380800_office-27.svg\" class=\"attachment-full size-full\" alt=\"\" \/>                <\/div>\n            <\/div>\n            <div class=\"info-box-content\">\n\t\t\t\t                    <h5 class=\"info-box-title\">Les campagnes marketing<\/h5>\n\t\t\t\t\t\t\t\t                    <div class=\"info-box-text\">Nous sommes passionn\u00e9s par la cr\u00e9ation de campagnes marketing percutantes qui g\u00e9n\u00e8rent des r\u00e9sultats tangibles pour nos clients. <\/div>\n\t\t\t\t\t\t\t\t            <\/div>\n        <\/div>\n\t\t\t\t\t\t<\/div>\n\t\t\t\t<\/div>\n\t\t\t\t\t<\/div>\n\t\t<\/div>\n\t\t\t\t\t<\/div>\n\t\t<\/section>\n\t\t\t\t<section class=\"elementor-section elementor-inner-section elementor-element elementor-element-69c5eba elementor-section-boxed elementor-section-height-default elementor-section-height-default\" data-id=\"69c5eba\" data-element_type=\"section\" data-e-type=\"section\">\n\t\t\t\t\t\t<div class=\"elementor-container elementor-column-gap-default\">\n\t\t\t\t\t<div class=\"elementor-column elementor-col-100 elementor-inner-column elementor-element elementor-element-500c6da\" data-id=\"500c6da\" data-element_type=\"column\" data-e-type=\"column\">\n\t\t\t<div class=\"elementor-widget-wrap elementor-element-populated\">\n\t\t\t\t\t\t<div class=\"elementor-element elementor-element-82ab047 elementor-widget elementor-widget-seosight_button\" data-id=\"82ab047\" data-element_type=\"widget\" data-e-type=\"widget\" data-widget_type=\"seosight_button.default\">\n\t\t\t\t<div class=\"elementor-widget-container\">\n\t\t\t\t\t        <div class=\"crumina-module crum-button inline-block\">\n            <a href=\"https:\/\/adnova.ma\/contact-information\/\" target=\"_self\"   class=\"btn btn-medium btn--blue icon-right   \">\n                <span class=\"text\"> Consultation<\/span>                <span class=\"semicircle\"><\/span>\n                            <\/a>\n        <\/div>\n        <style>\n            .es-icon-2:before{font-family: inherit;}\n            div.elementor-element-82ab047.inline-block, div.elementor-element-82ab047 .inline-block {display: inline-block; width: auto; float: none;}\n        <\/style>\n        <script>\n                                jQuery('[data-id=\"82ab047\"]').addClass('inline-block crum-button').find('.elementor-widget-container,.elementor-element-overlay').addClass('inline-block');\n                        <\/script>\n            \t\t\t\t<\/div>\n\t\t\t\t<\/div>\n\t\t\t\t<div class=\"elementor-element elementor-element-defb9b5 elementor-widget elementor-widget-seosight_button\" data-id=\"defb9b5\" data-element_type=\"widget\" data-e-type=\"widget\" data-widget_type=\"seosight_button.default\">\n\t\t\t\t<div class=\"elementor-widget-container\">\n\t\t\t\t\t        <div class=\"crumina-module crum-button inline-block\">\n            <a href=\"https:\/\/adnova.ma\/contact-information\/\" target=\"_self\"   class=\"btn btn-medium btn--yellow icon-right   \">\n                <span class=\"text\">Contactez-nous<\/span>                <span class=\"semicircle\"><\/span>\n                            <\/a>\n        <\/div>\n        <style>\n            .es-icon-2:before{font-family: inherit;}\n            div.elementor-element-defb9b5.inline-block, div.elementor-element-defb9b5 .inline-block {display: inline-block; width: auto; float: none;}\n        <\/style>\n        <script>\n                                jQuery('[data-id=\"defb9b5\"]').addClass('inline-block crum-button').find('.elementor-widget-container,.elementor-element-overlay').addClass('inline-block');\n                        <\/script>\n            \t\t\t\t<\/div>\n\t\t\t\t<\/div>\n\t\t\t\t\t<\/div>\n\t\t<\/div>\n\t\t\t\t\t<\/div>\n\t\t<\/section>\n\t\t\t\t\t<\/div>\n\t\t<\/div>\n\t\t\t\t\t<\/div>\n\t\t<\/section>\n\t\t\t\t<\/div>\n\t\t","protected":false},"excerpt":{"rendered":"<p>Services de Consultation et de Rapport Chez ADNOVA, nous nous engageons \u00e0 fournir des services de consultation et de rapport de la plus haute qualit\u00e9, adapt\u00e9s \u00e0 vos besoins sp\u00e9cifiques. Nous sommes l\u00e0 pour vous aider \u00e0 atteindre vos objectifs commerciaux et \u00e0 prosp\u00e9rer dans le monde du marketing et du commerce \u00e9lectronique. Gr\u00e2ce \u00e0 [&hellip;]<\/p>\n<\/p><div class=\"more-link\"><a href=\"https:\/\/adnova.ma\/en\/consultationsrapports\/\" class=\"btn btn-small btn--dark btn-hover-shadow\"><span class=\"text\">Continue Reading<\/span><i class=\"seoicon-right-arrow\"><\/i><\/a><\/div>","protected":false},"author":1,"featured_media":0,"parent":0,"menu_order":0,"comment_status":"closed","ping_status":"closed","template":"","meta":{"om_disable_all_campaigns":false,"_monsterinsights_skip_tracking":false,"_monsterinsights_sitenote_active":false,"_monsterinsights_sitenote_note":"","_monsterinsights_sitenote_category":0,"footnotes":""},"class_list":["post-1758","page","type-page","status-publish","hentry"],"aioseo_notices":[],"_links":{"self":[{"href":"https:\/\/adnova.ma\/en\/wp-json\/wp\/v2\/pages\/1758","targetHints":{"allow":["GET"]}}],"collection":[{"href":"https:\/\/adnova.ma\/en\/wp-json\/wp\/v2\/pages"}],"about":[{"href":"https:\/\/adnova.ma\/en\/wp-json\/wp\/v2\/types\/page"}],"author":[{"embeddable":true,"href":"https:\/\/adnova.ma\/en\/wp-json\/wp\/v2\/users\/1"}],"replies":[{"embeddable":true,"href":"https:\/\/adnova.ma\/en\/wp-json\/wp\/v2\/comments?post=1758"}],"version-history":[{"count":0,"href":"https:\/\/adnova.ma\/en\/wp-json\/wp\/v2\/pages\/1758\/revisions"}],"wp:attachment":[{"href":"https:\/\/adnova.ma\/en\/wp-json\/wp\/v2\/media?parent=1758"}],"curies":[{"name":"wp","href":"https:\/\/api.w.org\/{rel}","templated":true}]}}