{"id":1807,"date":"2020-01-27T12:09:54","date_gmt":"2020-01-27T12:09:54","guid":{"rendered":"http:\/\/adnova.ma\/?page_id=1807"},"modified":"2023-07-11T13:01:41","modified_gmt":"2023-07-11T13:01:41","slug":"ecommerce-services","status":"publish","type":"page","link":"https:\/\/adnova.ma\/en\/ecommerce-services\/","title":{"rendered":"E-commerce Services"},"content":{"rendered":"<div data-elementor-type=\"wp-page\" data-elementor-id=\"1807\" class=\"elementor elementor-1807\" data-elementor-post-type=\"page\">\n\t\t\t\t\t\t<section class=\"elementor-section elementor-top-section elementor-element elementor-element-9db416f elementor-section-stretched elementor-section-boxed elementor-section-height-default elementor-section-height-default\" data-id=\"9db416f\" data-element_type=\"section\" data-e-type=\"section\" data-settings=\"{&quot;stretch_section&quot;:&quot;section-stretched&quot;,&quot;background_background&quot;:&quot;classic&quot;}\">\n\t\t\t\t\t\t<div class=\"elementor-container elementor-column-gap-default\">\n\t\t\t\t\t<div class=\"elementor-column elementor-col-50 elementor-top-column elementor-element elementor-element-0336559\" data-id=\"0336559\" data-element_type=\"column\" data-e-type=\"column\">\n\t\t\t<div class=\"elementor-widget-wrap elementor-element-populated\">\n\t\t\t\t\t\t<div class=\"elementor-element elementor-element-9de9097 elementor-widget elementor-widget-seosight_single_image\" data-id=\"9de9097\" data-element_type=\"widget\" data-e-type=\"widget\" data-widget_type=\"seosight_single_image.default\">\n\t\t\t\t<div class=\"elementor-widget-container\">\n\t\t\t\t\t        <div class=\"crumina-module single-image\">\n\t\t\t\t\t\t\t<img fetchpriority=\"high\" decoding=\"async\" width=\"507\" height=\"602\" src=\"https:\/\/adnova.ma\/wp-content\/uploads\/2016\/12\/ppc.png\" class=\"alignleft\" alt=\"\" srcset=\"https:\/\/adnova.ma\/wp-content\/uploads\/2016\/12\/ppc.png 507w, https:\/\/adnova.ma\/wp-content\/uploads\/2016\/12\/ppc-253x300.png 253w, https:\/\/adnova.ma\/wp-content\/uploads\/2016\/12\/ppc-67x80.png 67w, https:\/\/adnova.ma\/wp-content\/uploads\/2016\/12\/ppc-290x344.png 290w\" sizes=\"(max-width: 507px) 100vw, 507px\" \/>\t\t\t\t\t\t        <\/div>\n\t\t\t\t\t\t<\/div>\n\t\t\t\t<\/div>\n\t\t\t\t\t<\/div>\n\t\t<\/div>\n\t\t\t\t<div class=\"elementor-column elementor-col-50 elementor-top-column elementor-element elementor-element-9523361\" data-id=\"9523361\" data-element_type=\"column\" data-e-type=\"column\">\n\t\t\t<div class=\"elementor-widget-wrap elementor-element-populated\">\n\t\t\t\t\t\t<div class=\"elementor-element elementor-element-1faf191 elementor-widget elementor-widget-seosight_title\" data-id=\"1faf191\" data-element_type=\"widget\" data-e-type=\"widget\" data-widget_type=\"seosight_title.default\">\n\t\t\t\t<div class=\"elementor-widget-container\">\n\t\t\t\t\t\t\t<header class=\"crumina-module crumina-heading align-left\" >\n\t\t\t\t\t\t<div class=\"title-text-wrap\">\n\t\t    \t<h2 class=\"heading-title\">\n\t\t\t\t\tMaximize your online sales potential with ADNOVA\t\t\t\t<\/h2>\n\t\t\t\t\t\t    <\/div>\n\t\t\t<div class=\"heading-decoration\">\t\t    <span class=\"first\"><\/span><span class=\"second\"><\/span>\n\t\t\t<\/div>\t\t<\/header>\n\t\t\t\t\t\t<\/div>\n\t\t\t\t<\/div>\n\t\t\t\t<div class=\"elementor-element elementor-element-47c8139 elementor-widget elementor-widget-seosight_ul_style\" data-id=\"47c8139\" data-element_type=\"widget\" data-e-type=\"widget\" data-widget_type=\"seosight_ul_style.default\">\n\t\t\t\t<div class=\"elementor-widget-container\">\n\t\t\t\t\t        <div class=\"crumina-module list list--secondary\" data-icon=\"seoicon-check\">\n            <ul><li>Simplify the management of your orders with our fast and efficient order confirmation system. Our team of experienced professionals is also available for personalized consultations. We will help you develop an optimized online sales strategy to maximize your results.<\/li><li>Our team also handles the professional editing of your content, ensuring a flawless presentation of your brand and products. Additionally, we can create a high-converting landing page for you that turns your visitors into loyal customers.<\/li><\/ul>        <\/div>\n        \t\t\t\t<\/div>\n\t\t\t\t<\/div>\n\t\t\t\t\t<\/div>\n\t\t<\/div>\n\t\t\t\t\t<\/div>\n\t\t<\/section>\n\t\t\t\t<section class=\"elementor-section elementor-top-section elementor-element elementor-element-fcccef9 elementor-section-boxed elementor-section-height-default elementor-section-height-default\" data-id=\"fcccef9\" data-element_type=\"section\" data-e-type=\"section\">\n\t\t\t\t\t\t<div class=\"elementor-container elementor-column-gap-default\">\n\t\t\t\t\t<div class=\"elementor-column elementor-col-100 elementor-top-column elementor-element elementor-element-e5042b9\" data-id=\"e5042b9\" data-element_type=\"column\" data-e-type=\"column\">\n\t\t\t<div class=\"elementor-widget-wrap elementor-element-populated\">\n\t\t\t\t\t\t<section class=\"elementor-section elementor-inner-section elementor-element elementor-element-445d68b elementor-section-boxed elementor-section-height-default elementor-section-height-default\" data-id=\"445d68b\" data-element_type=\"section\" data-e-type=\"section\">\n\t\t\t\t\t\t<div class=\"elementor-container elementor-column-gap-default\">\n\t\t\t\t\t<div class=\"elementor-column elementor-col-50 elementor-inner-column elementor-element elementor-element-c5f7acc\" data-id=\"c5f7acc\" data-element_type=\"column\" data-e-type=\"column\">\n\t\t\t<div class=\"elementor-widget-wrap elementor-element-populated\">\n\t\t\t\t\t\t<div class=\"elementor-element elementor-element-2d32ff7 elementor-widget elementor-widget-seosight_info_box\" data-id=\"2d32ff7\" data-element_type=\"widget\" data-e-type=\"widget\" data-widget_type=\"seosight_info_box.default\">\n\t\t\t\t<div class=\"elementor-widget-container\">\n\t\t\t\t\t        <div class=\"crumina-module crumina-info-box info-box--standard\">\n            <div class=\"info-box-image-cont\">\n                <div class=\"info-box-image\">\n\t\t\t\t\t<img decoding=\"async\" src=\"https:\/\/adnova.ma\/wp-content\/uploads\/2016\/12\/1455806967_223.svg\" class=\"attachment-full size-full\" alt=\"\" \/>                <\/div>\n            <\/div>\n            <div class=\"info-box-content\">\n\t\t\t\t                    <h5 class=\"info-box-title\">Video Advertising and Voice Over<\/h5>\n\t\t\t\t\t\t\t\t                    <div class=\"info-box-text\">Our expertise in videography allows us to create impactful visual content that captivates viewers' attention and drives sales. We use innovative filming techniques and carefully selected visual elements. <\/div>\n\t\t\t\t\t\t\t\t            <\/div>\n        <\/div>\n\t\t\t\t\t\t<\/div>\n\t\t\t\t<\/div>\n\t\t\t\t\t<\/div>\n\t\t<\/div>\n\t\t\t\t<div class=\"elementor-column elementor-col-50 elementor-inner-column elementor-element elementor-element-50948ba\" data-id=\"50948ba\" data-element_type=\"column\" data-e-type=\"column\">\n\t\t\t<div class=\"elementor-widget-wrap elementor-element-populated\">\n\t\t\t\t\t\t<div class=\"elementor-element elementor-element-a5ad908 elementor-widget elementor-widget-seosight_info_box\" data-id=\"a5ad908\" data-element_type=\"widget\" data-e-type=\"widget\" data-widget_type=\"seosight_info_box.default\">\n\t\t\t\t<div class=\"elementor-widget-container\">\n\t\t\t\t\t        <div class=\"crumina-module crumina-info-box info-box--standard\">\n            <div class=\"info-box-image-cont\">\n                <div class=\"info-box-image\">\n\t\t\t\t\t<img decoding=\"async\" src=\"https:\/\/adnova.ma\/wp-content\/uploads\/2016\/12\/1458085558_targeting.svg\" class=\"attachment-full size-full\" alt=\"\" \/>                <\/div>\n            <\/div>\n            <div class=\"info-box-content\">\n\t\t\t\t                    <h5 class=\"info-box-title\">High-converting landing pages<\/h5>\n\t\t\t\t\t\t\t\t                    <div class=\"info-box-text\">We understand the importance of an optimized landing page to generate conversions and sales. We design attractive and persuasive landing pages that capture the attention of your visitors from the moment they arrive. <\/div>\n\t\t\t\t\t\t\t\t            <\/div>\n        <\/div>\n\t\t\t\t\t\t<\/div>\n\t\t\t\t<\/div>\n\t\t\t\t\t<\/div>\n\t\t<\/div>\n\t\t\t\t\t<\/div>\n\t\t<\/section>\n\t\t\t\t<section class=\"elementor-section elementor-inner-section elementor-element elementor-element-309dbbb elementor-section-boxed elementor-section-height-default elementor-section-height-default\" data-id=\"309dbbb\" data-element_type=\"section\" data-e-type=\"section\">\n\t\t\t\t\t\t<div class=\"elementor-container elementor-column-gap-default\">\n\t\t\t\t\t<div class=\"elementor-column elementor-col-50 elementor-inner-column elementor-element elementor-element-735b0e3\" data-id=\"735b0e3\" data-element_type=\"column\" data-e-type=\"column\">\n\t\t\t<div class=\"elementor-widget-wrap elementor-element-populated\">\n\t\t\t\t\t\t<div class=\"elementor-element elementor-element-354a5f9 elementor-widget elementor-widget-seosight_info_box\" data-id=\"354a5f9\" data-element_type=\"widget\" data-e-type=\"widget\" data-widget_type=\"seosight_info_box.default\">\n\t\t\t\t<div class=\"elementor-widget-container\">\n\t\t\t\t\t        <div class=\"crumina-module crumina-info-box info-box--standard\">\n            <div class=\"info-box-image-cont\">\n                <div class=\"info-box-image\">\n\t\t\t\t\t<img decoding=\"async\" src=\"https:\/\/adnova.ma\/wp-content\/uploads\/2016\/12\/1458081750_hierarchy.svg\" class=\"attachment-full size-full\" alt=\"\" \/>                <\/div>\n            <\/div>\n            <div class=\"info-box-content\">\n\t\t\t\t                    <h5 class=\"info-box-title\">Order confirmation<\/h5>\n\t\t\t\t\t\t\t\t                    <div class=\"info-box-text\">With a dedicated and skilled team, ADNOVA's call center is committed to providing superior service to ensure accurate and timely order confirmation for your customers. <\/div>\n\t\t\t\t\t\t\t\t            <\/div>\n        <\/div>\n\t\t\t\t\t\t<\/div>\n\t\t\t\t<\/div>\n\t\t\t\t\t<\/div>\n\t\t<\/div>\n\t\t\t\t<div class=\"elementor-column elementor-col-50 elementor-inner-column elementor-element elementor-element-8e5a059\" data-id=\"8e5a059\" data-element_type=\"column\" data-e-type=\"column\">\n\t\t\t<div class=\"elementor-widget-wrap elementor-element-populated\">\n\t\t\t\t\t\t<div class=\"elementor-element elementor-element-5c3c8ae elementor-widget elementor-widget-seosight_info_box\" data-id=\"5c3c8ae\" data-element_type=\"widget\" data-e-type=\"widget\" data-widget_type=\"seosight_info_box.default\">\n\t\t\t\t<div class=\"elementor-widget-container\">\n\t\t\t\t\t        <div class=\"crumina-module crumina-info-box info-box--standard\">\n            <div class=\"info-box-image-cont\">\n                <div class=\"info-box-image\">\n\t\t\t\t\t<img decoding=\"async\" src=\"https:\/\/adnova.ma\/wp-content\/uploads\/2016\/12\/1457125817_display_device_ads_advertising_advertisement_seo_tool_optimization.svg\" class=\"attachment-full size-full\" alt=\"\" \/>                <\/div>\n            <\/div>\n            <div class=\"info-box-content\">\n\t\t\t\t                    <h5 class=\"info-box-title\">Advertising Copywriting - ADcopy<\/h5>\n\t\t\t\t\t\t\t\t                    <div class=\"info-box-text\">An effective solution for optimizing your product descriptions, titles, ads, and sales copy. It is essential to convince your online visitors to take action.<\/div>\n\t\t\t\t\t\t\t\t            <\/div>\n        <\/div>\n\t\t\t\t\t\t<\/div>\n\t\t\t\t<\/div>\n\t\t\t\t\t<\/div>\n\t\t<\/div>\n\t\t\t\t\t<\/div>\n\t\t<\/section>\n\t\t\t\t\t<\/div>\n\t\t<\/div>\n\t\t\t\t\t<\/div>\n\t\t<\/section>\n\t\t\t\t<section class=\"elementor-section elementor-top-section elementor-element elementor-element-0b84227 elementor-section-stretched elementor-section-boxed elementor-section-height-default elementor-section-height-default\" data-id=\"0b84227\" data-element_type=\"section\" data-e-type=\"section\" data-settings=\"{&quot;stretch_section&quot;:&quot;section-stretched&quot;,&quot;background_background&quot;:&quot;classic&quot;}\">\n\t\t\t\t\t\t<div class=\"elementor-container elementor-column-gap-default\">\n\t\t\t\t\t<div class=\"elementor-column elementor-col-25 elementor-top-column elementor-element elementor-element-d15694a\" data-id=\"d15694a\" data-element_type=\"column\" data-e-type=\"column\">\n\t\t\t<div class=\"elementor-widget-wrap elementor-element-populated\">\n\t\t\t\t\t\t<div class=\"elementor-element elementor-element-773406b elementor-widget elementor-widget-seosight_counter\" data-id=\"773406b\" data-element_type=\"widget\" data-e-type=\"widget\" data-widget_type=\"seosight_counter.default\">\n\t\t\t\t<div class=\"elementor-widget-container\">\n\t\t\t\t\t\t\t<div class=\"crumina-module crumina-counter-item counter-item-modern\" align=\"left\">\n\t\t    \t\t    <div class=\"counter-numbers counter\">\n\t\t        <span data-to=\"1620\">1620<\/span>\n\t\t        \t\t    <\/div>\n\t\t    <h5 class=\"counter-title\">Orders Confirmed per Month<\/h5>\t\t    \t\t<\/div>\n\t\t<style>.es-icon-2:before{font-family: inherit;}<\/style>\n\t\t\t\t\t\t<\/div>\n\t\t\t\t<\/div>\n\t\t\t\t\t<\/div>\n\t\t<\/div>\n\t\t\t\t<div class=\"elementor-column elementor-col-25 elementor-top-column elementor-element elementor-element-4d5c9d2\" data-id=\"4d5c9d2\" data-element_type=\"column\" data-e-type=\"column\">\n\t\t\t<div class=\"elementor-widget-wrap elementor-element-populated\">\n\t\t\t\t\t\t<div class=\"elementor-element elementor-element-3b398ec elementor-widget elementor-widget-seosight_counter\" data-id=\"3b398ec\" data-element_type=\"widget\" data-e-type=\"widget\" data-widget_type=\"seosight_counter.default\">\n\t\t\t\t<div class=\"elementor-widget-container\">\n\t\t\t\t\t\t\t<div class=\"crumina-module crumina-counter-item counter-item-modern\" align=\"left\">\n\t\t    \t\t    <div class=\"counter-numbers counter\">\n\t\t        <span data-to=\"159\">159<\/span>\n\t\t        \t\t    <\/div>\n\t\t    <h5 class=\"counter-title\">Advertising per Month<\/h5>\t\t    \t\t<\/div>\n\t\t<style>.es-icon-2:before{font-family: inherit;}<\/style>\n\t\t\t\t\t\t<\/div>\n\t\t\t\t<\/div>\n\t\t\t\t\t<\/div>\n\t\t<\/div>\n\t\t\t\t<div class=\"elementor-column elementor-col-25 elementor-top-column elementor-element elementor-element-0030613\" data-id=\"0030613\" data-element_type=\"column\" data-e-type=\"column\">\n\t\t\t<div class=\"elementor-widget-wrap elementor-element-populated\">\n\t\t\t\t\t\t<div class=\"elementor-element elementor-element-6b71144 elementor-widget elementor-widget-seosight_counter\" data-id=\"6b71144\" data-element_type=\"widget\" data-e-type=\"widget\" data-widget_type=\"seosight_counter.default\">\n\t\t\t\t<div class=\"elementor-widget-container\">\n\t\t\t\t\t\t\t<div class=\"crumina-module crumina-counter-item counter-item-modern\" align=\"left\">\n\t\t    \t\t    <div class=\"counter-numbers counter\">\n\t\t        <span data-to=\"90\">90<\/span>\n\t\t        \t\t    <\/div>\n\t\t    <h5 class=\"counter-title\">Landing Page per Month<\/h5>\t\t    \t\t<\/div>\n\t\t<style>.es-icon-2:before{font-family: inherit;}<\/style>\n\t\t\t\t\t\t<\/div>\n\t\t\t\t<\/div>\n\t\t\t\t\t<\/div>\n\t\t<\/div>\n\t\t\t\t<div class=\"elementor-column elementor-col-25 elementor-top-column elementor-element elementor-element-2f60dec\" data-id=\"2f60dec\" data-element_type=\"column\" data-e-type=\"column\">\n\t\t\t<div class=\"elementor-widget-wrap elementor-element-populated\">\n\t\t\t\t\t\t<div class=\"elementor-element elementor-element-c1803d2 elementor-widget elementor-widget-seosight_counter\" data-id=\"c1803d2\" data-element_type=\"widget\" data-e-type=\"widget\" data-widget_type=\"seosight_counter.default\">\n\t\t\t\t<div class=\"elementor-widget-container\">\n\t\t\t\t\t\t\t<div class=\"crumina-module crumina-counter-item counter-item-modern\" align=\"left\">\n\t\t    \t\t    <div class=\"counter-numbers counter\">\n\t\t        <span data-to=\"59\">59<\/span>\n\t\t        \t\t    <\/div>\n\t\t    <h5 class=\"counter-title\">Video Ads per Month<\/h5>\t\t    \t\t<\/div>\n\t\t<style>.es-icon-2:before{font-family: inherit;}<\/style>\n\t\t\t\t\t\t<\/div>\n\t\t\t\t<\/div>\n\t\t\t\t\t<\/div>\n\t\t<\/div>\n\t\t\t\t\t<\/div>\n\t\t<\/section>\n\t\t\t\t<section class=\"elementor-section elementor-top-section elementor-element elementor-element-df85e54 elementor-section-stretched elementor-section-boxed elementor-section-height-default elementor-section-height-default\" data-id=\"df85e54\" data-element_type=\"section\" data-e-type=\"section\" data-settings=\"{&quot;stretch_section&quot;:&quot;section-stretched&quot;,&quot;background_background&quot;:&quot;classic&quot;}\">\n\t\t\t\t\t\t<div class=\"elementor-container elementor-column-gap-default\">\n\t\t\t\t\t<div class=\"elementor-column elementor-col-33 elementor-top-column elementor-element elementor-element-44a81b2\" data-id=\"44a81b2\" data-element_type=\"column\" data-e-type=\"column\">\n\t\t\t<div class=\"elementor-widget-wrap\">\n\t\t\t\t\t\t\t<\/div>\n\t\t<\/div>\n\t\t\t\t<div class=\"elementor-column elementor-col-33 elementor-top-column elementor-element elementor-element-32b2467\" data-id=\"32b2467\" data-element_type=\"column\" data-e-type=\"column\">\n\t\t\t<div class=\"elementor-widget-wrap elementor-element-populated\">\n\t\t\t\t\t\t<div class=\"elementor-element elementor-element-1e9ff90 elementor-widget elementor-widget-seosight_title\" data-id=\"1e9ff90\" data-element_type=\"widget\" data-e-type=\"widget\" data-widget_type=\"seosight_title.default\">\n\t\t\t\t<div class=\"elementor-widget-container\">\n\t\t\t\t\t\t\t<header class=\"crumina-module crumina-heading align-center\" >\n\t\t\t\t\t\t<div class=\"title-text-wrap\">\n\t\t    \t<h2 class=\"heading-title\">\n\t\t\t\t\tOur clients say.\t\t\t\t<\/h2>\n\t\t\t\t\t\t    <\/div>\n\t\t\t<div class=\"heading-decoration\">\t\t    <span class=\"first\"><\/span><span class=\"second\"><\/span>\n\t\t\t<\/div>\t\t<\/header>\n\t\t\t\t\t\t<\/div>\n\t\t\t\t<\/div>\n\t\t\t\t<div class=\"elementor-element elementor-element-31a6e8d elementor-widget elementor-widget-seosight_testimonial_slider\" data-id=\"31a6e8d\" data-element_type=\"widget\" data-e-type=\"widget\" data-widget_type=\"seosight_testimonial_slider.default\">\n\t\t\t\t<div class=\"elementor-widget-container\">\n\t\t\t\t\t\n        <div class=\"crumina-module crum-testimonial-slider crumina-module-slider\">\n\t\t\t                <div class=\"swiper-container testimonial-slider-standard pagination-bottom\" data-show-items=\"1\" data-scroll-items=\"1\" data-autoplay=\"5000\" data-prev-next=\"1\">\n                    <div class=\"swiper-wrapper\">\n\t\t\t\t\t\t                            <div class=\"swiper-slide\">\n                                <div class=\"crumina-testimonial-item testimonial-item-author-centered\">\n\t\t\t\t\t\t\t\t\t<h5 class=\"testimonial-text\" >Service dyal Confirmation d Adnova Toooop m3ndi man9ol, Tx delivered 74% mkhyraa<\/h5><div class=\"author-info-wrap display-flex content-center\"><div class=\"testimonial-img-author\"><img decoding=\"async\" width=\"53\" height=\"64\" src=\"https:\/\/adnova.ma\/wp-content\/uploads\/2016\/11\/avatar.png\" class=\"attachment-75x75 size-75x75\" alt=\"M Hassan IKRAMI\" \/><\/div><div class=\"author-info\"><h6 class=\"author-name\">M Hassan IKRAMI<\/h6><div class=\"author-company\">COD MAROC<\/div><\/div><\/div>                                <\/div>\n                            <\/div>\n\t\t\t\t\t\t                            <div class=\"swiper-slide\">\n                                <div class=\"crumina-testimonial-item testimonial-item-author-centered\">\n\t\t\t\t\t\t\t\t\t<h5 class=\"testimonial-text\" >ADNOVA fournit les meilleures pages de destination avec le taux de conversion le plus \u00e9lev\u00e9 et beaucoup de cr\u00e9ativit\u00e9, vraiment 5\/5.\n<\/h5><div class=\"author-info-wrap display-flex content-center\"><div class=\"testimonial-img-author\"><img decoding=\"async\" width=\"55\" height=\"64\" src=\"https:\/\/adnova.ma\/wp-content\/uploads\/2016\/11\/avatar3.png\" class=\"attachment-75x75 size-75x75\" alt=\"Mlle Noura MOUADI\" \/><\/div><div class=\"author-info\"><h6 class=\"author-name\">Mlle Noura MOUADI<\/h6><div class=\"author-company\">COD MENA<\/div><\/div><\/div>                                <\/div>\n                            <\/div>\n\t\t\t\t\t\t                            <div class=\"swiper-slide\">\n                                <div class=\"crumina-testimonial-item testimonial-item-author-centered\">\n\t\t\t\t\t\t\t\t\t<h5 class=\"testimonial-text\" >ADNOVA offre les meilleurs services pour les entrepreneurs du E-commerce , notamment des services de voix off avec un large choix.\n<\/h5><div class=\"author-info-wrap display-flex content-center\"><div class=\"testimonial-img-author\"><img loading=\"lazy\" decoding=\"async\" width=\"53\" height=\"64\" src=\"https:\/\/adnova.ma\/wp-content\/uploads\/2016\/11\/avatar.png\" class=\"attachment-75x75 size-75x75\" alt=\"M Mohamed MOURTAJI\" \/><\/div><div class=\"author-info\"><h6 class=\"author-name\">M Mohamed MOURTAJI<\/h6><div class=\"author-company\">COD MAROC <\/div><\/div><\/div>                                <\/div>\n                            <\/div>\n\t\t\t\t\t\t                            <div class=\"swiper-slide\">\n                                <div class=\"crumina-testimonial-item testimonial-item-author-centered\">\n\t\t\t\t\t\t\t\t\t<h5 class=\"testimonial-text\" >La gestion d ADS par ADNOVA est vraiment magnifique, offrant un excellent rapport qualit\u00e9-prix.<\/h5><div class=\"author-info-wrap display-flex content-center\"><div class=\"testimonial-img-author\"><img loading=\"lazy\" decoding=\"async\" width=\"55\" height=\"64\" src=\"https:\/\/adnova.ma\/wp-content\/uploads\/2016\/11\/avatar3.png\" class=\"attachment-75x75 size-75x75\" alt=\"MME Soukaina AABDI\" \/><\/div><div class=\"author-info\"><h6 class=\"author-name\">MME Soukaina AABDI<\/h6><div class=\"author-company\">COD AFRICA<\/div><\/div><\/div>                                <\/div>\n                            <\/div>\n\t\t\t\t\t\t                    <\/div>\n\t\t\t\t\t                        <div class=\"seosight-module-team-slider-arrows\">\n\t\t\t\t\t\t\t\t\t\t\t\t\t\t<svg class=\"btn-next swiper-btn-next\">\n\t\t\t\t\t\t\t\t<use xlink:href=\"#arrow-right\"><\/use>\n\t\t\t\t\t\t\t<\/svg>\n\t\t\t\t\t\t\t<svg class=\"btn-prev swiper-btn-prev\">\n\t\t\t\t\t\t\t\t<use xlink:href=\"#arrow-left\"><\/use>\n\t\t\t\t\t\t\t<\/svg>\n\t\t\t\t\t\t\t\t\t\t\t\t\t<\/div>\n\t\t\t\t\t\t\t\t\t\t                        <div class=\"swiper-pagination\"><\/div>\n\t\t\t\t\t                <\/div>\n\t\t\t        <\/div>\n\t\t\t\t\t\t<\/div>\n\t\t\t\t<\/div>\n\t\t\t\t\t<\/div>\n\t\t<\/div>\n\t\t\t\t<div class=\"elementor-column elementor-col-33 elementor-top-column elementor-element elementor-element-a6f3ec7\" data-id=\"a6f3ec7\" data-element_type=\"column\" data-e-type=\"column\">\n\t\t\t<div class=\"elementor-widget-wrap\">\n\t\t\t\t\t\t\t<\/div>\n\t\t<\/div>\n\t\t\t\t\t<\/div>\n\t\t<\/section>\n\t\t\t\t<\/div>","protected":false},"excerpt":{"rendered":"<p>Maximisez votre potentiel de vente en ligne avec ADNOVA Simplifiez la gestion de vos commandes avec notre syst\u00e8me de confirmation des commandes rapide et efficace. Notre \u00e9quipe de professionnels exp\u00e9riment\u00e9s est \u00e9galement \u00e0 votre disposition pour des consultations personnalis\u00e9es. Nous vous aiderons \u00e0 d\u00e9velopper une strat\u00e9gie de vente en ligne optimis\u00e9e pour maximiser vos r\u00e9sultats. [&hellip;]<\/p>\n<\/p><div class=\"more-link\"><a href=\"https:\/\/adnova.ma\/en\/ecommerce-services\/\" class=\"btn btn-small btn--dark btn-hover-shadow\"><span class=\"text\">Continue Reading<\/span><i class=\"seoicon-right-arrow\"><\/i><\/a><\/div>","protected":false},"author":1,"featured_media":0,"parent":0,"menu_order":0,"comment_status":"closed","ping_status":"closed","template":"","meta":{"om_disable_all_campaigns":false,"_monsterinsights_skip_tracking":false,"_monsterinsights_sitenote_active":false,"_monsterinsights_sitenote_note":"","_monsterinsights_sitenote_category":0,"footnotes":""},"class_list":["post-1807","page","type-page","status-publish","hentry"],"aioseo_notices":[],"_links":{"self":[{"href":"https:\/\/adnova.ma\/en\/wp-json\/wp\/v2\/pages\/1807","targetHints":{"allow":["GET"]}}],"collection":[{"href":"https:\/\/adnova.ma\/en\/wp-json\/wp\/v2\/pages"}],"about":[{"href":"https:\/\/adnova.ma\/en\/wp-json\/wp\/v2\/types\/page"}],"author":[{"embeddable":true,"href":"https:\/\/adnova.ma\/en\/wp-json\/wp\/v2\/users\/1"}],"replies":[{"embeddable":true,"href":"https:\/\/adnova.ma\/en\/wp-json\/wp\/v2\/comments?post=1807"}],"version-history":[{"count":1,"href":"https:\/\/adnova.ma\/en\/wp-json\/wp\/v2\/pages\/1807\/revisions"}],"predecessor-version":[{"id":2848,"href":"https:\/\/adnova.ma\/en\/wp-json\/wp\/v2\/pages\/1807\/revisions\/2848"}],"wp:attachment":[{"href":"https:\/\/adnova.ma\/en\/wp-json\/wp\/v2\/media?parent=1807"}],"curies":[{"name":"wp","href":"https:\/\/api.w.org\/{rel}","templated":true}]}}