{"id":1823,"date":"2020-01-28T13:33:39","date_gmt":"2020-01-28T13:33:39","guid":{"rendered":"http:\/\/adnova.ma\/?page_id=1823"},"modified":"2023-06-21T16:14:31","modified_gmt":"2023-06-21T16:14:31","slug":"about-us","status":"publish","type":"page","link":"https:\/\/adnova.ma\/en\/about-us\/","title":{"rendered":"Our Story"},"content":{"rendered":"<div data-elementor-type=\"wp-page\" data-elementor-id=\"1823\" class=\"elementor elementor-1823\" data-elementor-post-type=\"page\">\n\t\t\t\t\t\t<section class=\"elementor-section elementor-top-section elementor-element elementor-element-2a6aec5 elementor-section-boxed elementor-section-height-default elementor-section-height-default\" data-id=\"2a6aec5\" data-element_type=\"section\" data-e-type=\"section\">\n\t\t\t\t\t\t<div class=\"elementor-container elementor-column-gap-default\">\n\t\t\t\t\t<div class=\"elementor-column elementor-col-100 elementor-top-column elementor-element elementor-element-434eacd\" data-id=\"434eacd\" data-element_type=\"column\" data-e-type=\"column\">\n\t\t\t<div class=\"elementor-widget-wrap elementor-element-populated\">\n\t\t\t\t\t\t<div class=\"elementor-element elementor-element-6a33f40 elementor-widget elementor-widget-seosight_title\" data-id=\"6a33f40\" data-element_type=\"widget\" data-e-type=\"widget\" data-widget_type=\"seosight_title.default\">\n\t\t\t\t<div class=\"elementor-widget-container\">\n\t\t\t\t\t\t\t<header class=\"crumina-module crumina-heading align-left\" >\n\t\t\t\t\t\t<div class=\"title-text-wrap\">\n\t\t    \t<h2 class=\"heading-title\">\n\t\t\t\t\tA Brief Story about Our Company\t\t\t\t<\/h2>\n\t\t\t\t\t\t    <\/div>\n\t\t\t<div class=\"heading-decoration\">\t\t    <span class=\"first\"><\/span><span class=\"second\"><\/span>\n\t\t\t<\/div>\t\t        <div class=\"h5 heading-text\">Once upon a time, in the heart of the digital marketing and e-commerce world, there was a company called ADNOVA. Founded with a clear vision and a passion for innovation, ADNOVA quickly established itself as a major player in the industry.\n\n<\/div>\n\t\t\t\t\t<\/header>\n\t\t\t\t\t\t<\/div>\n\t\t\t\t<\/div>\n\t\t\t\t<section class=\"elementor-section elementor-inner-section elementor-element elementor-element-a5967b1 elementor-section-boxed elementor-section-height-default elementor-section-height-default\" data-id=\"a5967b1\" data-element_type=\"section\" data-e-type=\"section\">\n\t\t\t\t\t\t<div class=\"elementor-container elementor-column-gap-default\">\n\t\t\t\t\t<div class=\"elementor-column elementor-col-100 elementor-inner-column elementor-element elementor-element-306569f\" data-id=\"306569f\" data-element_type=\"column\" data-e-type=\"column\">\n\t\t\t<div class=\"elementor-widget-wrap elementor-element-populated\">\n\t\t\t\t\t\t<div class=\"elementor-element elementor-element-5429644 elementor-widget elementor-widget-text-editor\" data-id=\"5429644\" data-element_type=\"widget\" data-e-type=\"widget\" data-widget_type=\"text-editor.default\">\n\t\t\t\t<div class=\"elementor-widget-container\">\n\t\t\t\t\t\t\t\t\t<p>Our story began with a talented team of marketing experts, all driven by the desire to help businesses succeed in the ever-evolving digital world. We understood that to thrive in this dynamic environment, it was essential to master the most effective digital marketing strategies and seize the opportunities offered by e-commerce.<\/p><p>And so, we pooled our knowledge and expertise to create a company that focuses on providing tailored solutions, customized to the unique needs of each client. We chose the name ADNOVA to reflect our commitment to innovation and the constant pursuit of new ways to propel businesses to new heights.<\/p><p>Over the years, we have had the privilege of working with businesses of all sizes and across various industries, bringing them our expertise and know-how. Whether it's developing an effective digital marketing strategy, creating a high-performing online store, or analyzing data to optimize results, we are here to support our clients at every step of their journey.<\/p><p>What sets us apart is our customer-centric approach. We firmly believe that every business is unique, with its own goals, challenges, and opportunities. That's why we take the time to listen carefully to our clients, understand their needs, and design tailor-made solutions that meet their expectations.<\/p>\t\t\t\t\t\t\t\t<\/div>\n\t\t\t\t<\/div>\n\t\t\t\t\t<\/div>\n\t\t<\/div>\n\t\t\t\t\t<\/div>\n\t\t<\/section>\n\t\t\t\t\t<\/div>\n\t\t<\/div>\n\t\t\t\t\t<\/div>\n\t\t<\/section>\n\t\t\t\t<section class=\"elementor-section elementor-top-section elementor-element elementor-element-e7d48c5 elementor-section-stretched elementor-section-boxed elementor-section-height-default elementor-section-height-default\" data-id=\"e7d48c5\" data-element_type=\"section\" data-e-type=\"section\" data-settings=\"{&quot;stretch_section&quot;:&quot;section-stretched&quot;,&quot;background_background&quot;:&quot;classic&quot;}\">\n\t\t\t\t\t\t<div class=\"elementor-container elementor-column-gap-default\">\n\t\t\t\t\t<div class=\"elementor-column elementor-col-33 elementor-top-column elementor-element elementor-element-33e4040\" data-id=\"33e4040\" data-element_type=\"column\" data-e-type=\"column\">\n\t\t\t<div class=\"elementor-widget-wrap elementor-element-populated\">\n\t\t\t\t\t\t<div class=\"elementor-element elementor-element-9461d08 elementor-widget elementor-widget-seosight_info_box\" data-id=\"9461d08\" data-element_type=\"widget\" data-e-type=\"widget\" data-widget_type=\"seosight_info_box.default\">\n\t\t\t\t<div class=\"elementor-widget-container\">\n\t\t\t\t\t        <div class=\"crumina-module crumina-info-box info-box--standard-nofloat\">\n            <div class=\"info-box-image-cont\">\n                <div class=\"info-box-image\">\n\t\t\t\t\t<img decoding=\"async\" src=\"https:\/\/adnova.ma\/wp-content\/uploads\/2016\/11\/1456940902_message-02.svg\" class=\"attachment-full size-full\" alt=\"\" \/>                <\/div>\n            <\/div>\n            <div class=\"info-box-content\">\n\t\t\t\t                    <h5 class=\"info-box-title\">Excellent assistance.<\/h5>\n\t\t\t\t\t\t\t\t                    <div class=\"info-box-text\">We make every effort to surpass expectations by providing superior support at every stage of our collaboration.<\/div>\n\t\t\t\t\t\t\t\t            <\/div>\n        <\/div>\n\t\t\t\t\t\t<\/div>\n\t\t\t\t<\/div>\n\t\t\t\t\t<\/div>\n\t\t<\/div>\n\t\t\t\t<div class=\"elementor-column elementor-col-33 elementor-top-column elementor-element elementor-element-334921c\" data-id=\"334921c\" data-element_type=\"column\" data-e-type=\"column\">\n\t\t\t<div class=\"elementor-widget-wrap elementor-element-populated\">\n\t\t\t\t\t\t<div class=\"elementor-element elementor-element-9edb73b elementor-widget elementor-widget-seosight_info_box\" data-id=\"9edb73b\" data-element_type=\"widget\" data-e-type=\"widget\" data-widget_type=\"seosight_info_box.default\">\n\t\t\t\t<div class=\"elementor-widget-container\">\n\t\t\t\t\t        <div class=\"crumina-module crumina-info-box info-box--standard-nofloat\">\n            <div class=\"info-box-image-cont\">\n                <div class=\"info-box-image\">\n\t\t\t\t\t<img decoding=\"async\" src=\"https:\/\/adnova.ma\/wp-content\/uploads\/2016\/11\/1456953255_Person_user_profile_man_avatar_login.svg\" class=\"attachment-full size-full\" alt=\"\" \/>                <\/div>\n            <\/div>\n            <div class=\"info-box-content\">\n\t\t\t\t                    <h5 class=\"info-box-title\">Awesome team.<\/h5>\n\t\t\t\t\t\t\t\t                    <div class=\"info-box-text\">Talented and passionate professionals who bring their expertise and creativity to deliver exceptional results to our clients.<\/div>\n\t\t\t\t\t\t\t\t            <\/div>\n        <\/div>\n\t\t\t\t\t\t<\/div>\n\t\t\t\t<\/div>\n\t\t\t\t\t<\/div>\n\t\t<\/div>\n\t\t\t\t<div class=\"elementor-column elementor-col-33 elementor-top-column elementor-element elementor-element-e1bb6bc\" data-id=\"e1bb6bc\" data-element_type=\"column\" data-e-type=\"column\">\n\t\t\t<div class=\"elementor-widget-wrap elementor-element-populated\">\n\t\t\t\t\t\t<div class=\"elementor-element elementor-element-50c9893 elementor-widget elementor-widget-seosight_info_box\" data-id=\"50c9893\" data-element_type=\"widget\" data-e-type=\"widget\" data-widget_type=\"seosight_info_box.default\">\n\t\t\t\t<div class=\"elementor-widget-container\">\n\t\t\t\t\t        <div class=\"crumina-module crumina-info-box info-box--standard-nofloat\">\n            <div class=\"info-box-image-cont\">\n                <div class=\"info-box-image\">\n\t\t\t\t\t<img decoding=\"async\" src=\"https:\/\/adnova.ma\/wp-content\/uploads\/2016\/11\/1456953423_service-05.svg\" class=\"attachment-full size-full\" alt=\"\" \/>                <\/div>\n            <\/div>\n            <div class=\"info-box-content\">\n\t\t\t\t                    <h5 class=\"info-box-title\">Accelerated performance.<\/h5>\n\t\t\t\t\t\t\t\t                    <div class=\"info-box-text\">We understand the importance of speed and efficiency in today's digital world.<\/div>\n\t\t\t\t\t\t\t\t            <\/div>\n        <\/div>\n\t\t\t\t\t\t<\/div>\n\t\t\t\t<\/div>\n\t\t\t\t\t<\/div>\n\t\t<\/div>\n\t\t\t\t\t<\/div>\n\t\t<\/section>\n\t\t\t\t<section class=\"elementor-section elementor-top-section elementor-element elementor-element-1571f45 elementor-section-stretched elementor-section-boxed elementor-section-height-default elementor-section-height-default\" data-id=\"1571f45\" data-element_type=\"section\" data-e-type=\"section\" data-settings=\"{&quot;stretch_section&quot;:&quot;section-stretched&quot;,&quot;background_background&quot;:&quot;classic&quot;}\">\n\t\t\t\t\t\t<div class=\"elementor-container elementor-column-gap-default\">\n\t\t\t\t\t<div class=\"elementor-column elementor-col-100 elementor-top-column elementor-element elementor-element-e9a2109\" data-id=\"e9a2109\" data-element_type=\"column\" data-e-type=\"column\">\n\t\t\t<div class=\"elementor-widget-wrap elementor-element-populated\">\n\t\t\t\t\t\t<div class=\"elementor-element elementor-element-103ddfd elementor-widget elementor-widget-seosight_title\" data-id=\"103ddfd\" data-element_type=\"widget\" data-e-type=\"widget\" data-widget_type=\"seosight_title.default\">\n\t\t\t\t<div class=\"elementor-widget-container\">\n\t\t\t\t\t\t\t<header class=\"crumina-module crumina-heading align-center small-section\" >\n\t\t\t\t\t\t<div class=\"title-text-wrap\">\n\t\t    \t<h2 class=\"heading-title\">\n\t\t\t\t\tOur Vision\t\t\t\t<\/h2>\n\t\t\t\t\t\t    <\/div>\n\t\t\t<div class=\"heading-decoration\">\t\t    <span class=\"first\"><\/span><span class=\"second\"><\/span>\n\t\t\t<\/div>\t\t        <div class=\"h5 heading-text\">Becoming the preferred partner in digital marketing and e-commerce. We aspire to be recognized as innovators and leaders in our field, providing creative and effective solutions that enable our clients to thrive in the ever-evolving digital world.<\/div>\n\t\t\t\t\t<\/header>\n\t\t\t\t\t\t<\/div>\n\t\t\t\t<\/div>\n\t\t\t\t\t<\/div>\n\t\t<\/div>\n\t\t\t\t\t<\/div>\n\t\t<\/section>\n\t\t\t\t<section class=\"elementor-section elementor-top-section elementor-element elementor-element-636957f elementor-section-stretched elementor-section-boxed elementor-section-height-default elementor-section-height-default\" data-id=\"636957f\" data-element_type=\"section\" data-e-type=\"section\" data-settings=\"{&quot;stretch_section&quot;:&quot;section-stretched&quot;,&quot;background_background&quot;:&quot;classic&quot;}\">\n\t\t\t\t\t\t<div class=\"elementor-container elementor-column-gap-default\">\n\t\t\t\t\t<div class=\"elementor-column elementor-col-100 elementor-top-column elementor-element elementor-element-0fb8f65\" data-id=\"0fb8f65\" data-element_type=\"column\" data-e-type=\"column\">\n\t\t\t<div class=\"elementor-widget-wrap elementor-element-populated\">\n\t\t\t\t\t\t<div class=\"elementor-element elementor-element-c2386b5 elementor-widget elementor-widget-seosight_title\" data-id=\"c2386b5\" data-element_type=\"widget\" data-e-type=\"widget\" data-widget_type=\"seosight_title.default\">\n\t\t\t\t<div class=\"elementor-widget-container\">\n\t\t\t\t\t\t\t<header class=\"crumina-module crumina-heading align-left\" >\n\t\t\t\t\t\t<div class=\"title-text-wrap\">\n\t\t    \t<h2 class=\"heading-title\">\n\t\t\t\t\tOur clients say.\t\t\t\t<\/h2>\n\t\t\t\t\t\t    <\/div>\n\t\t\t<div class=\"heading-decoration\">\t\t    <span class=\"first\"><\/span><span class=\"second\"><\/span>\n\t\t\t<\/div>\t\t<\/header>\n\t\t\t\t\t\t<\/div>\n\t\t\t\t<\/div>\n\t\t\t\t<div class=\"elementor-element elementor-element-902f4c0 elementor-widget elementor-widget-seosight_testimonial_slider\" data-id=\"902f4c0\" data-element_type=\"widget\" data-e-type=\"widget\" data-widget_type=\"seosight_testimonial_slider.default\">\n\t\t\t\t<div class=\"elementor-widget-container\">\n\t\t\t\t\t\n        <div class=\"crumina-module crum-testimonial-slider crumina-module-slider\">\n\t\t\t                <div class=\"swiper-container testimonial-slider-arrow pagination-bottom\" data-show-items=\"2\" data-scroll-items=\"2\">\n                    <div class=\"swiper-wrapper\">\n\t\t\t\t\t\t                            <div class=\"swiper-slide\">\n                                <div class=\"crumina-testimonial-item testimonial-item-arrow\">\n\t\t\t\t\t\t\t\t\t<h5 class=\"testimonial-text\" >L'\u00c9quipe ADNOVA est comp\u00e9tente, r\u00e9active et toujours pr\u00eate \u00e0 relever les d\u00e9fis. Nous les recommandons vivement <\/h5><div class=\"author-info-wrap\"><div class=\"testimonial-img-author\"><img decoding=\"async\" width=\"53\" height=\"64\" src=\"https:\/\/adnova.ma\/wp-content\/uploads\/2016\/11\/avatar.png\" class=\"attachment-75x75 size-75x75\" alt=\"M Hassan TIZANI\" \/><\/div><div class=\"author-info\"><h6 class=\"author-name\">M Hassan TIZANI<\/h6><div class=\"author-company\">CEO<\/div><\/div><div class=\"quote\"><i class=\"seoicon-quotes\"><\/i><\/div><\/div>                                <\/div>\n                            <\/div>\n\t\t\t\t\t\t                            <div class=\"swiper-slide\">\n                                <div class=\"crumina-testimonial-item testimonial-item-arrow\">\n\t\t\t\t\t\t\t\t\t<h5 class=\"testimonial-text\" >Nous sommes ravis d'avoir choisi ADNOVA. Leur approche personnalis\u00e9e aux d\u00e9tails ont vraiment fait la diff\u00e9rence<\/h5><div class=\"author-info-wrap\"><div class=\"testimonial-img-author\"><img decoding=\"async\" width=\"55\" height=\"64\" src=\"https:\/\/adnova.ma\/wp-content\/uploads\/2016\/11\/avatar3.png\" class=\"attachment-75x75 size-75x75\" alt=\"Mme Ikram LWALI\" \/><\/div><div class=\"author-info\"><h6 class=\"author-name\">Mme Ikram LWALI<\/h6><div class=\"author-company\">G\u00e9rante de Restaurant<\/div><\/div><div class=\"quote\"><i class=\"seoicon-quotes\"><\/i><\/div><\/div>                                <\/div>\n                            <\/div>\n\t\t\t\t\t\t                            <div class=\"swiper-slide\">\n                                <div class=\"crumina-testimonial-item testimonial-item-arrow\">\n\t\t\t\t\t\t\t\t\t<h5 class=\"testimonial-text\" >ADNOVA a \u00e9t\u00e9 un partenaire inestimable dans notre parcours de transformation num\u00e9rique. <\/h5><div class=\"author-info-wrap\"><div class=\"testimonial-img-author\"><img decoding=\"async\" width=\"53\" height=\"64\" src=\"https:\/\/adnova.ma\/wp-content\/uploads\/2016\/11\/avatar.png\" class=\"attachment-75x75 size-75x75\" alt=\"Philippe LEFEVRE\" \/><\/div><div class=\"author-info\"><h6 class=\"author-name\">Philippe LEFEVRE<\/h6><div class=\"author-company\">Directeur des op\u00e9rations<\/div><\/div><div class=\"quote\"><i class=\"seoicon-quotes\"><\/i><\/div><\/div>                                <\/div>\n                            <\/div>\n\t\t\t\t\t\t                            <div class=\"swiper-slide\">\n                                <div class=\"crumina-testimonial-item testimonial-item-arrow\">\n\t\t\t\t\t\t\t\t\t<h5 class=\"testimonial-text\" >L'expertise d'ADNOVA en marketing digital et leur capacit\u00e9 \u00e0 comprendre nos besoins sp\u00e9cifiques ont \u00e9t\u00e9 super.<\/h5><div class=\"author-info-wrap\"><div class=\"testimonial-img-author\"><img loading=\"lazy\" decoding=\"async\" width=\"55\" height=\"64\" src=\"https:\/\/adnova.ma\/wp-content\/uploads\/2016\/11\/avatar3.png\" class=\"attachment-75x75 size-75x75\" alt=\"Fatima Zahra EL AMRANI\" \/><\/div><div class=\"author-info\"><h6 class=\"author-name\">Fatima Zahra EL AMRANI<\/h6><div class=\"author-company\">G\u00e9rante <\/div><\/div><div class=\"quote\"><i class=\"seoicon-quotes\"><\/i><\/div><\/div>                                <\/div>\n                            <\/div>\n\t\t\t\t\t\t                            <div class=\"swiper-slide\">\n                                <div class=\"crumina-testimonial-item testimonial-item-arrow\">\n\t\t\t\t\t\t\t\t\t<h5 class=\"testimonial-text\" >Nous les recommandons vivement \u00e0 toutes les entreprises cherchant \u00e0 se d\u00e9velopper en ligne.<\/h5><div class=\"author-info-wrap\"><div class=\"testimonial-img-author\"><img loading=\"lazy\" decoding=\"async\" width=\"53\" height=\"64\" src=\"https:\/\/adnova.ma\/wp-content\/uploads\/2016\/11\/avatar.png\" class=\"attachment-75x75 size-75x75\" alt=\"Mohamed El MOUSSAOUI\" \/><\/div><div class=\"author-info\"><h6 class=\"author-name\">Mohamed El MOUSSAOUI<\/h6><div class=\"author-company\">Directeur des ventes<\/div><\/div><div class=\"quote\"><i class=\"seoicon-quotes\"><\/i><\/div><\/div>                                <\/div>\n                            <\/div>\n\t\t\t\t\t\t                            <div class=\"swiper-slide\">\n                                <div class=\"crumina-testimonial-item testimonial-item-arrow\">\n\t\t\t\t\t\t\t\t\t<h5 class=\"testimonial-text\" >Notre entreprise a connu une croissance significative et une visibilit\u00e9 accrue sur le march\u00e9.<\/h5><div class=\"author-info-wrap\"><div class=\"testimonial-img-author\"><img loading=\"lazy\" decoding=\"async\" width=\"55\" height=\"64\" src=\"https:\/\/adnova.ma\/wp-content\/uploads\/2016\/11\/avatar3.png\" class=\"attachment-75x75 size-75x75\" alt=\"Marie MARTIN\" \/><\/div><div class=\"author-info\"><h6 class=\"author-name\">Marie MARTIN<\/h6><div class=\"author-company\">Directrice g\u00e9n\u00e9rale<\/div><\/div><div class=\"quote\"><i class=\"seoicon-quotes\"><\/i><\/div><\/div>                                <\/div>\n                            <\/div>\n\t\t\t\t\t\t                    <\/div>\n\t\t\t\t\t\t\t\t\t\t                        <div class=\"swiper-pagination grey bottom-left\"><\/div>\n\t\t\t\t\t                <\/div>\n\t\t\t        <\/div>\n\t\t\t\t\t\t<\/div>\n\t\t\t\t<\/div>\n\t\t\t\t\t<\/div>\n\t\t<\/div>\n\t\t\t\t\t<\/div>\n\t\t<\/section>\n\t\t\t\t<section class=\"elementor-section elementor-top-section elementor-element elementor-element-196bd22 elementor-section-boxed elementor-section-height-default elementor-section-height-default\" data-id=\"196bd22\" data-element_type=\"section\" data-e-type=\"section\">\n\t\t\t\t\t\t<div class=\"elementor-container elementor-column-gap-default\">\n\t\t\t\t\t<div class=\"elementor-column elementor-col-33 elementor-top-column elementor-element elementor-element-8699c8a\" data-id=\"8699c8a\" data-element_type=\"column\" data-e-type=\"column\">\n\t\t\t<div class=\"elementor-widget-wrap elementor-element-populated\">\n\t\t\t\t\t\t<div class=\"elementor-element elementor-element-cad821c elementor-widget elementor-widget-seosight_title\" data-id=\"cad821c\" data-element_type=\"widget\" data-e-type=\"widget\" data-widget_type=\"seosight_title.default\">\n\t\t\t\t<div class=\"elementor-widget-container\">\n\t\t\t\t\t\t\t<header class=\"crumina-module crumina-heading align-left\" >\n\t\t\t\t\t\t<div class=\"title-text-wrap\">\n\t\t    \t<h2 class=\"heading-title\">\n\t\t\t\t\tWe consider our clients as partners\t\t\t\t<\/h2>\n\t\t\t\t\t\t    <\/div>\n\t\t\t<div class=\"heading-decoration\">\t\t    <span class=\"first\"><\/span><span class=\"second\"><\/span>\n\t\t\t<\/div>\t\t        <div class=\"h5 heading-text\">We take pride in working with businesses of all sizes and across various industries, and we are committed to providing tailor-made solutions that meet their specific needs.<\/div>\n\t\t\t\t\t<\/header>\n\t\t\t\t\t\t<\/div>\n\t\t\t\t<\/div>\n\t\t\t\t\t<\/div>\n\t\t<\/div>\n\t\t\t\t<div class=\"elementor-column elementor-col-33 elementor-top-column elementor-element elementor-element-dcc1ca8\" data-id=\"dcc1ca8\" data-element_type=\"column\" data-e-type=\"column\">\n\t\t\t<div class=\"elementor-widget-wrap elementor-element-populated\">\n\t\t\t\t\t\t<div class=\"elementor-element elementor-element-96bf126 elementor-widget elementor-widget-seosight_single_image\" data-id=\"96bf126\" data-element_type=\"widget\" data-e-type=\"widget\" data-widget_type=\"seosight_single_image.default\">\n\t\t\t\t<div class=\"elementor-widget-container\">\n\t\t\t\t\t        <div class=\"crumina-module single-image\">\n\t\t\t                <a href=\"#\"\n                   title=\"\" target=\"_self\"  data-elementor-open-lightbox=\"no\">\n\t\t\t\t\t<img loading=\"lazy\" decoding=\"async\" width=\"210\" height=\"127\" src=\"https:\/\/adnova.ma\/wp-content\/uploads\/2016\/12\/client1-hover.png\" class=\"aligncenter image-opacity\" alt=\"\" srcset=\"https:\/\/adnova.ma\/wp-content\/uploads\/2016\/12\/client1-hover.png 210w, https:\/\/adnova.ma\/wp-content\/uploads\/2016\/12\/client1-hover-132x80.png 132w\" sizes=\"(max-width: 210px) 100vw, 210px\" \/>                <\/a>\n\t\t\t\t\t\t        <\/div>\n\t\t\t\t\t\t<\/div>\n\t\t\t\t<\/div>\n\t\t\t\t<div class=\"elementor-element elementor-element-9e1133f elementor-widget elementor-widget-seosight_single_image\" data-id=\"9e1133f\" data-element_type=\"widget\" data-e-type=\"widget\" data-widget_type=\"seosight_single_image.default\">\n\t\t\t\t<div class=\"elementor-widget-container\">\n\t\t\t\t\t        <div class=\"crumina-module single-image\">\n\t\t\t                <a href=\"#\"\n                   title=\"\" target=\"_self\"  data-elementor-open-lightbox=\"no\">\n\t\t\t\t\t<img loading=\"lazy\" decoding=\"async\" width=\"210\" height=\"153\" src=\"https:\/\/adnova.ma\/wp-content\/uploads\/2016\/12\/client4-hover.png\" class=\"aligncenter image-opacity\" alt=\"\" srcset=\"https:\/\/adnova.ma\/wp-content\/uploads\/2016\/12\/client4-hover.png 210w, https:\/\/adnova.ma\/wp-content\/uploads\/2016\/12\/client4-hover-110x80.png 110w\" sizes=\"(max-width: 210px) 100vw, 210px\" \/>                <\/a>\n\t\t\t\t\t\t        <\/div>\n\t\t\t\t\t\t<\/div>\n\t\t\t\t<\/div>\n\t\t\t\t\t<\/div>\n\t\t<\/div>\n\t\t\t\t<div class=\"elementor-column elementor-col-33 elementor-top-column elementor-element elementor-element-682fbc1\" data-id=\"682fbc1\" data-element_type=\"column\" data-e-type=\"column\">\n\t\t\t<div class=\"elementor-widget-wrap elementor-element-populated\">\n\t\t\t\t\t\t<div class=\"elementor-element elementor-element-e45359a elementor-widget elementor-widget-seosight_single_image\" data-id=\"e45359a\" data-element_type=\"widget\" data-e-type=\"widget\" data-widget_type=\"seosight_single_image.default\">\n\t\t\t\t<div class=\"elementor-widget-container\">\n\t\t\t\t\t        <div class=\"crumina-module single-image\">\n\t\t\t                <a href=\"#\"\n                   title=\"#\" target=\"_self\"  data-elementor-open-lightbox=\"no\">\n\t\t\t\t\t<img loading=\"lazy\" decoding=\"async\" width=\"210\" height=\"164\" src=\"https:\/\/adnova.ma\/wp-content\/uploads\/2016\/12\/client2-hover.png\" class=\"aligncenter image-opacity\" alt=\"\" srcset=\"https:\/\/adnova.ma\/wp-content\/uploads\/2016\/12\/client2-hover.png 210w, https:\/\/adnova.ma\/wp-content\/uploads\/2016\/12\/client2-hover-102x80.png 102w\" sizes=\"(max-width: 210px) 100vw, 210px\" \/>                <\/a>\n\t\t\t\t\t\t        <\/div>\n\t\t\t\t\t\t<\/div>\n\t\t\t\t<\/div>\n\t\t\t\t<div class=\"elementor-element elementor-element-2fcd618 elementor-widget elementor-widget-seosight_single_image\" data-id=\"2fcd618\" data-element_type=\"widget\" data-e-type=\"widget\" data-widget_type=\"seosight_single_image.default\">\n\t\t\t\t<div class=\"elementor-widget-container\">\n\t\t\t\t\t        <div class=\"crumina-module single-image\">\n\t\t\t                <a href=\"#\"\n                   title=\"\" target=\"_self\"  data-elementor-open-lightbox=\"no\">\n\t\t\t\t\t<img loading=\"lazy\" decoding=\"async\" width=\"210\" height=\"116\" src=\"https:\/\/adnova.ma\/wp-content\/uploads\/2016\/12\/client3-hover.png\" class=\"aligncenter image-opacity\" alt=\"\" srcset=\"https:\/\/adnova.ma\/wp-content\/uploads\/2016\/12\/client3-hover.png 210w, https:\/\/adnova.ma\/wp-content\/uploads\/2016\/12\/client3-hover-145x80.png 145w\" sizes=\"(max-width: 210px) 100vw, 210px\" \/>                <\/a>\n\t\t\t\t\t\t        <\/div>\n\t\t\t\t\t\t<\/div>\n\t\t\t\t<\/div>\n\t\t\t\t\t<\/div>\n\t\t<\/div>\n\t\t\t\t\t<\/div>\n\t\t<\/section>\n\t\t\t\t<\/div>","protected":false},"excerpt":{"rendered":"<p>Petite histoire sur notre Entreprise Il \u00e9tait une fois, au c\u0153ur du monde du marketing digital et de l&rsquo;e-commerce, une entreprise appel\u00e9e ADNOVA. Fond\u00e9e avec une vision claire et une passion pour l&rsquo;innovation, ADNOVA s&rsquo;est rapidement impos\u00e9e comme un acteur majeur dans l&rsquo;industrie. Notre histoire a commenc\u00e9 avec une \u00e9quipe talentueuse d&rsquo;experts en marketing, tous [&hellip;]<\/p>\n<\/p><div class=\"more-link\"><a href=\"https:\/\/adnova.ma\/en\/about-us\/\" class=\"btn btn-small btn--dark btn-hover-shadow\"><span class=\"text\">Continue Reading<\/span><i class=\"seoicon-right-arrow\"><\/i><\/a><\/div>","protected":false},"author":1,"featured_media":0,"parent":0,"menu_order":0,"comment_status":"closed","ping_status":"closed","template":"","meta":{"om_disable_all_campaigns":false,"_monsterinsights_skip_tracking":false,"_monsterinsights_sitenote_active":false,"_monsterinsights_sitenote_note":"","_monsterinsights_sitenote_category":0,"footnotes":""},"class_list":["post-1823","page","type-page","status-publish","hentry"],"aioseo_notices":[],"_links":{"self":[{"href":"https:\/\/adnova.ma\/en\/wp-json\/wp\/v2\/pages\/1823","targetHints":{"allow":["GET"]}}],"collection":[{"href":"https:\/\/adnova.ma\/en\/wp-json\/wp\/v2\/pages"}],"about":[{"href":"https:\/\/adnova.ma\/en\/wp-json\/wp\/v2\/types\/page"}],"author":[{"embeddable":true,"href":"https:\/\/adnova.ma\/en\/wp-json\/wp\/v2\/users\/1"}],"replies":[{"embeddable":true,"href":"https:\/\/adnova.ma\/en\/wp-json\/wp\/v2\/comments?post=1823"}],"version-history":[{"count":0,"href":"https:\/\/adnova.ma\/en\/wp-json\/wp\/v2\/pages\/1823\/revisions"}],"wp:attachment":[{"href":"https:\/\/adnova.ma\/en\/wp-json\/wp\/v2\/media?parent=1823"}],"curies":[{"name":"wp","href":"https:\/\/api.w.org\/{rel}","templated":true}]}}